{"id":119,"date":"2008-05-15T15:32:41","date_gmt":"2008-05-15T14:32:41","guid":{"rendered":"http:\/\/www.sonnenwatt.de\/index.php\/solarstrom-bausatz-fur-selbstmonteure\/"},"modified":"2014-05-29T13:09:46","modified_gmt":"2014-05-29T12:09:46","slug":"anlagencheck","status":"publish","type":"page","link":"https:\/\/www.sonnenwatt.de\/index.php\/leistungen\/anlagencheck\/","title":{"rendered":"&#8211; Anlagencheck, Reparatur &#038; Optimierung"},"content":{"rendered":"<p>&nbsp;<\/p>\n<h1 style=\"text-align: center;\">\u00c4rger mit der Anlage oder den Ertr\u00e4gen?<\/h1>\n<h1>Sie besitzen eine \u00e4ltere PV-Anlage und sind mit den Ertr\u00e4gen Ihrer Anlage nicht zufrieden oder haben Zweifel, ob der Ertrag \u00fcberhaupt stimmt weil die prognostizierten Werte noch nie erreicht wurden?<\/h1>\n<h1><strong>Ihr urspr\u00fcnglicher Installateur ist pleite oder will von Ihnen und Ihrer Anlage nichts mehr wissen?<br \/>\n<\/strong><\/h1>\n<p>Dann sind Sie bei uns genau richtig. Wir bieten Ihnen unseren umfassenden Anlagencheck, eine detaillierte Analyse und Gegenma\u00dfnahmen oder Reparaturen zur Optimierung an, damit sich Ihre Anlage auch irgendwann bezahlt macht und nicht zur finanziellen Nullnummer wird.<\/p>\n<p>Ein Rechenbeispiel:<\/p>\n<p>Sie besitzen eine PV-Anlage aus dem Jahr 2007 mit einer Gr\u00f6\u00dfe von 30 kWp und einer Einspeiseverg\u00fctung von 0,4921 \u20ac.<\/p>\n<p>Mit einem spezifischen Ertrag von 975 kWh \/ kWp sollte also Ihre Anlage durchschnittlich 29.250 kWh pro Jahr erzeugen bzw. umgerechnet knapp 14.400,- \u20ac pro Jahr an Einnahmen erzielen. [Wert 975 kWh \/ kWp vom Solarf\u00f6rderverein unter www.pv-ertraege.de einzusehen f\u00fcr die PLZ-Region 97 der Jahre 2007 &#8211; 2013]<\/p>\n<p>Nun stellen Sie sich vor, die Anlage liefert durch unentdeckte Defekte an den Komponenten oder Fehlern bereits bei der Planung und Installation 20% weniger als sie eigentlich k\u00f6nnte\/sollte. Sie erinnern sich vielleicht noch an die hektische und teilweise unkoordinierte Bauphase Ihrer Anlage w\u00e4hrend des Solar-Booms und das nicht alles so glatt gelaufen ist wie es h\u00e4tte laufen k\u00f6nnen? Jedenfalls w\u00e4re unser beispielhafter Ertragsverlust von 20% umgerechnet fast 2.900,- \u20ac pro Jahr und auf die Restlaufzeit von 13 Jahren eine stolze Summe von \u00fcber 37.000,- \u20ac.<\/p>\n<p>Hier kommen wir ins Spiel um Ihnen weitere Verluste zu ersparen. Wir bieten Ihnen unsere fundierten Kenntnisse aus mittlerweile 11 Jahren Photovoltaik-Erfahrung im Rahmen eines Anlagenchecks an. Es erfolgt eine professionelle und umfangreiche Sichtpr\u00fcfung der Anlage, es findet eine elektrische Pr\u00fcfung der Komponenten und des technischen Allgemeinzustandes statt und wir machen uns auf die Suche nach potenziellen Fehlerquellen. Danach f\u00fchren wir eine fachgerechte Analyse der gesammelten Mess- und Anlagendaten durch, zeigen Ihnen die Schwachstellen auf und stellen Ihnen die n\u00f6tigen Mittel zur Behebung und Optimierung vor.<\/p>\n<p>Unsere Netto-Preise sind:<\/p>\n<ul>\n<li>Anlagencheck 75,- \u20ac \/ kWp &#8211; Sichtpr\u00fcfung, Thermographie, elektrische Pr\u00fcfung etc.<\/li>\n<li>Analyse 25,- \u20ac \/ kWp &#8211; Auswertung der Messergebnisse und Pr\u00e4sentation der erforderlichen Gegenma\u00dfnahmen<\/li>\n<\/ul>\n<p>Macht &#8211; um auf unser Beispiel zur\u00fcck zu kommen &#8211; in Summe 100,- \u20ac \/ kWp und je nach erforderlichen Gegenma\u00dfnahmen (Tausch einzelner Module, eines Wechselrichters, Reparatur defekter Kabel usw.) rechnen wir weitere 100,- \u20ac \/ kWp beispielhaft hinzu.<\/p>\n<p>Die Investitionssumme f\u00fcr die Verbesserung sind also fiktiv 6.000,- \u20ac netto zzgl. MwSt. Sie erinnern sich an den Betrag von oben? 37.000,- \u20ac weniger Einnahmen auf die 13 verbleibenden Jahre, genau. Selbst wenn wir es aufgrund der Komplexit\u00e4t einer PV-Anlage nur erreichen w\u00fcrden den Verlust von 20% auf 10% zu reduzieren, w\u00e4re das immer noch ein Plus von \u00fcber 12.000,- \u20ac auf die Restlaufzeit der Anlage.<\/p>\n<p>&nbsp;<\/p>\n","protected":false},"excerpt":{"rendered":"<p>&nbsp; \u00c4rger mit der Anlage oder den Ertr\u00e4gen? Sie besitzen eine \u00e4ltere PV-Anlage und sind mit den Ertr\u00e4gen Ihrer Anlage nicht zufrieden oder haben Zweifel, ob der Ertrag \u00fcberhaupt stimmt weil die prognostizierten Werte noch nie erreicht wurden? Ihr urspr\u00fcnglicher Installateur ist pleite oder will von Ihnen und Ihrer Anlage nichts mehr wissen? Dann sind [&hellip;]<\/p>\n","protected":false},"author":1,"featured_media":0,"parent":31,"menu_order":0,"comment_status":"open","ping_status":"open","template":"","meta":{"footnotes":""},"class_list":["post-119","page","type-page","status-publish","hentry"],"_links":{"self":[{"href":"https:\/\/www.sonnenwatt.de\/index.php\/wp-json\/wp\/v2\/pages\/119","targetHints":{"allow":["GET"]}}],"collection":[{"href":"https:\/\/www.sonnenwatt.de\/index.php\/wp-json\/wp\/v2\/pages"}],"about":[{"href":"https:\/\/www.sonnenwatt.de\/index.php\/wp-json\/wp\/v2\/types\/page"}],"author":[{"embeddable":true,"href":"https:\/\/www.sonnenwatt.de\/index.php\/wp-json\/wp\/v2\/users\/1"}],"replies":[{"embeddable":true,"href":"https:\/\/www.sonnenwatt.de\/index.php\/wp-json\/wp\/v2\/comments?post=119"}],"version-history":[{"count":21,"href":"https:\/\/www.sonnenwatt.de\/index.php\/wp-json\/wp\/v2\/pages\/119\/revisions"}],"predecessor-version":[{"id":691,"href":"https:\/\/www.sonnenwatt.de\/index.php\/wp-json\/wp\/v2\/pages\/119\/revisions\/691"}],"up":[{"embeddable":true,"href":"https:\/\/www.sonnenwatt.de\/index.php\/wp-json\/wp\/v2\/pages\/31"}],"wp:attachment":[{"href":"https:\/\/www.sonnenwatt.de\/index.php\/wp-json\/wp\/v2\/media?parent=119"}],"curies":[{"name":"wp","href":"https:\/\/api.w.org\/{rel}","templated":true}]}}