{"id":123,"date":"2008-05-27T21:07:40","date_gmt":"2008-05-27T20:07:40","guid":{"rendered":"http:\/\/www.sonnenwatt.de\/index.php\/solarstrom\/einleitung-in-die-photovoltaik\/"},"modified":"2014-05-02T11:02:20","modified_gmt":"2014-05-02T10:02:20","slug":"einleitung-in-die-photovoltaik","status":"publish","type":"page","link":"https:\/\/www.sonnenwatt.de\/index.php\/solarstrom\/einleitung-in-die-photovoltaik\/","title":{"rendered":"&#8211; Einleitung in die Photovoltaik"},"content":{"rendered":"<h1><strong>Solarstrom-Anlage = Kapital-Anlage<\/strong><\/h1>\n<p><strong>Gerade in Zeiten der Eurokrise gewinnt eine sichere, staatlich gef\u00f6rderte und gesetzlich verankerte Kapitalanlage enorm an Bedeutung und bietet eine interessante Option f\u00fcr Eigen- als auch Fremdkapital.<\/strong><\/p>\n<p><strong>(und nebenbei auch etwas Gutes f\u00fcr die Umwelt)<\/strong><\/p>\n<p style=\"text-align: center;\">&nbsp;<\/p>\n<h1>\n<p style=\"text-align: center;\"><img decoding=\"async\" src=\"http:\/\/www.strato.de\/imperia\/md\/images\/strato_de\/presse\/umwelt_logo.gif\" alt=\"\" \/><\/p>\n<\/h1>\n<h1>&nbsp;<\/p>\n<p><strong>Wir zeigen Ihnen wie es geht<\/strong><\/h1>\n<p><span class=\"Stil5\"> <\/span><\/p>\n<p><span class=\"Stil5\">Jeder von uns ist \u00fcber die verheerenden Naturgeschehnisse informiert. Nie dagewesene Waldbr\u00e4nde, Tornados, \u00dcberflutungen und Erdrutsche ersch\u00fcttern die Welt jeden Tag auf&#8217;s Neue.<\/span><\/p>\n<p><span class=\"Stil5\">Niemand kann von sich behaupten in Sicherheit zu sein. Selbst vor unserer Haust\u00fcr k\u00e4mpfen wir pl\u00f6tzlich mit &#8222;Jahrhundertfluten&#8220;, &#8222;Jahrhundertsommern&#8220; oder endlosen Schneemassen.<br \/>\n<\/span><br \/>\nDie Ursachen hierf\u00fcr sind hinl\u00e4nglich bekannt. Die Atmosph\u00e4re wird zu schnell mit Schadstoffen wie CO2 verschmutzt. Grund f\u00fcr den starken Kohlendioxid-Aussto\u00df ist der weltweit enorm steigende Energieverbrauch. Die Bereitstellung von Energie auf die herk\u00f6mmliche Weise setzt Unmengen von Schadstoffen aus &#8211; sei es in Kraftwerken, Haushalten oder mit dem Auto.<\/p>\n<p>Der Ausweg aus der drohenden Energieknappheit, die uns dieses Jahrhundert bevorsteht hei\u00dft nachwachsende Rohstoffe. Die Bundesregierung hat mit Subventionen in Milliardenh\u00f6he den Weg geebnet um die n\u00f6tige Energiewende f\u00fcr uns und k\u00fcnftige Generationen zu schaffen.<\/p>\n<p>Eine dieser Methoden ist die Stromerzeugung durch Sonnenenergie &#8211; die Photovoltaik. Diese soll hier erkl\u00e4rt und verdeutlicht werden. Wir w\u00fcrden uns freuen Sie f\u00fcr diese lohnende Investition begeistern zu k\u00f6nnen.<\/p>\n<p>Jedes private Kraftwerk hilft CO2 einzusparen und ist dank planbarer staatlicher F\u00f6rderung gleicherma\u00dfen eine moderne Form der Kapitalanlage.<\/p>\n<p>Besonders im mainfr\u00e4nkischen Raum Kitzingen, W\u00fcrzburg und Schweinfurt l\u00e4sst sich dank der hohen Anzahl an Sonnenstunden eine hohe Rendite durch Nutzung von Solaranlagen erzielen. Diese liegt &#8211; je nach den individuellen Gegebenheiten &#8211; im Bereich von 5% &#8211; 10%.<\/p>\n<p><a href=\"https:\/\/www.sonnenwatt.de\/index.php\/Solarstrom\/Was-ist-Photovoltaik?\/\">Hier geht&#8217;s weiter zum Thema <strong>Was ist Photovoltaik?<\/strong><\/a><\/p>\n","protected":false},"excerpt":{"rendered":"<p>Solarstrom-Anlage = Kapital-Anlage Gerade in Zeiten der Eurokrise gewinnt eine sichere, staatlich gef\u00f6rderte und gesetzlich verankerte Kapitalanlage enorm an Bedeutung und bietet eine interessante Option f\u00fcr Eigen- als auch Fremdkapital. (und nebenbei auch etwas Gutes f\u00fcr die Umwelt) &nbsp; &nbsp; Wir zeigen Ihnen wie es geht Jeder von uns ist \u00fcber die verheerenden Naturgeschehnisse informiert. [&hellip;]<\/p>\n","protected":false},"author":1,"featured_media":0,"parent":3,"menu_order":1,"comment_status":"open","ping_status":"open","template":"","meta":{"footnotes":""},"class_list":["post-123","page","type-page","status-publish","hentry"],"_links":{"self":[{"href":"https:\/\/www.sonnenwatt.de\/index.php\/wp-json\/wp\/v2\/pages\/123","targetHints":{"allow":["GET"]}}],"collection":[{"href":"https:\/\/www.sonnenwatt.de\/index.php\/wp-json\/wp\/v2\/pages"}],"about":[{"href":"https:\/\/www.sonnenwatt.de\/index.php\/wp-json\/wp\/v2\/types\/page"}],"author":[{"embeddable":true,"href":"https:\/\/www.sonnenwatt.de\/index.php\/wp-json\/wp\/v2\/users\/1"}],"replies":[{"embeddable":true,"href":"https:\/\/www.sonnenwatt.de\/index.php\/wp-json\/wp\/v2\/comments?post=123"}],"version-history":[{"count":7,"href":"https:\/\/www.sonnenwatt.de\/index.php\/wp-json\/wp\/v2\/pages\/123\/revisions"}],"predecessor-version":[{"id":1309,"href":"https:\/\/www.sonnenwatt.de\/index.php\/wp-json\/wp\/v2\/pages\/123\/revisions\/1309"}],"up":[{"embeddable":true,"href":"https:\/\/www.sonnenwatt.de\/index.php\/wp-json\/wp\/v2\/pages\/3"}],"wp:attachment":[{"href":"https:\/\/www.sonnenwatt.de\/index.php\/wp-json\/wp\/v2\/media?parent=123"}],"curies":[{"name":"wp","href":"https:\/\/api.w.org\/{rel}","templated":true}]}}