{"id":25,"date":"2007-12-30T21:37:32","date_gmt":"2007-12-30T20:37:32","guid":{"rendered":"http:\/\/www.sonnenwatt.de\/?page_id=25"},"modified":"2020-03-26T15:09:56","modified_gmt":"2020-03-26T14:09:56","slug":"impressum","status":"publish","type":"page","link":"https:\/\/www.sonnenwatt.de\/index.php\/34-2\/impressum\/","title":{"rendered":"&#8211; Impressum"},"content":{"rendered":"<p>Sonnenwatt Solar GmbH<br \/>\nAm Wald 12<br \/>\n97348 R\u00f6delsee<\/p>\n<p>Telefon: 09323 \/ 87 79 48 &#8211; 0<\/p>\n<p>E-Mail: info@sonnenwatt.de<br \/>\nInternet: www.sonnenwatt.de<\/p>\n<p>Amtsgericht W\u00fcrzburg, HRB 10542<br \/>\nGesch\u00e4ftsf\u00fchrer: Wolfgang Seifert, Daniel Hopfengart<br \/>\nUmsatzsteuer-ID: DE269007630<\/p>\n<p>Firmensitz: R\u00f6delsee OT Fr\u00f6hstockheim<\/p>\n<p>Konzept, Design und Realisierung:<br \/>\nWolfgang Seifert<\/p>\n<p><strong>Wichtiger Hinweis in eigener Sache:<\/strong><\/p>\n<p><strong>Werte Hersteller, Anbieter, Dienstleister, Versicherer etc.<\/strong><\/p>\n<p><strong>Bitte sehen Sie davon ab uns unaufgefordert Werbung oder Info-Material weder per Post, per Fax, per E-Mail oder per Telefon \u00fcbermitteln zu wollen.<\/strong><\/p>\n","protected":false},"excerpt":{"rendered":"<p>Sonnenwatt Solar GmbH Am Wald 12 97348 R\u00f6delsee Telefon: 09323 \/ 87 79 48 &#8211; 0 E-Mail: info@sonnenwatt.de Internet: www.sonnenwatt.de Amtsgericht W\u00fcrzburg, HRB 10542 Gesch\u00e4ftsf\u00fchrer: Wolfgang Seifert, Daniel Hopfengart Umsatzsteuer-ID: DE269007630 Firmensitz: R\u00f6delsee OT Fr\u00f6hstockheim Konzept, Design und Realisierung: Wolfgang Seifert Wichtiger Hinweis in eigener Sache: Werte Hersteller, Anbieter, Dienstleister, Versicherer etc. Bitte sehen Sie [&hellip;]<\/p>\n","protected":false},"author":1,"featured_media":0,"parent":34,"menu_order":99,"comment_status":"open","ping_status":"open","template":"","meta":{"footnotes":""},"class_list":["post-25","page","type-page","status-publish","hentry"],"_links":{"self":[{"href":"https:\/\/www.sonnenwatt.de\/index.php\/wp-json\/wp\/v2\/pages\/25","targetHints":{"allow":["GET"]}}],"collection":[{"href":"https:\/\/www.sonnenwatt.de\/index.php\/wp-json\/wp\/v2\/pages"}],"about":[{"href":"https:\/\/www.sonnenwatt.de\/index.php\/wp-json\/wp\/v2\/types\/page"}],"author":[{"embeddable":true,"href":"https:\/\/www.sonnenwatt.de\/index.php\/wp-json\/wp\/v2\/users\/1"}],"replies":[{"embeddable":true,"href":"https:\/\/www.sonnenwatt.de\/index.php\/wp-json\/wp\/v2\/comments?post=25"}],"version-history":[{"count":7,"href":"https:\/\/www.sonnenwatt.de\/index.php\/wp-json\/wp\/v2\/pages\/25\/revisions"}],"predecessor-version":[{"id":1136,"href":"https:\/\/www.sonnenwatt.de\/index.php\/wp-json\/wp\/v2\/pages\/25\/revisions\/1136"}],"up":[{"embeddable":true,"href":"https:\/\/www.sonnenwatt.de\/index.php\/wp-json\/wp\/v2\/pages\/34"}],"wp:attachment":[{"href":"https:\/\/www.sonnenwatt.de\/index.php\/wp-json\/wp\/v2\/media?parent=25"}],"curies":[{"name":"wp","href":"https:\/\/api.w.org\/{rel}","templated":true}]}}