{"id":26,"date":"2007-12-30T21:42:59","date_gmt":"2007-12-30T20:42:59","guid":{"rendered":"http:\/\/www.sonnenwatt.de\/?page_id=26"},"modified":"2014-05-02T11:08:56","modified_gmt":"2014-05-02T10:08:56","slug":"beispielrechnung","status":"publish","type":"page","link":"https:\/\/www.sonnenwatt.de\/index.php\/leistungen\/beispielrechnung\/","title":{"rendered":"&#8211; Beispielrechnung"},"content":{"rendered":"<p>&nbsp;<\/p>\n<h1><strong>Die Praxis<\/strong><\/h1>\n<p class=\"Stil6\">Hier m\u00f6chten wir nun anhand eines Beispiels das Zusammenspiel der technischen und wirtschaftlichen Aspekte behandeln:<\/p>\n<p class=\"Stil6\">Sie besitzen ein Eigenheim mit einem normalen Satteldach bei 30\u00b0 Dachneigung, das nach S\u00fcden zeigt. Das Dach hat abz\u00fcglich Fenster etc. eine nutzbare Fl\u00e4che von 8 x 10 m = 80 m\u00b2.<\/p>\n<p class=\"Stil6\">Auf diese Fl\u00e4che passen nun ca. 10 Kilowatt peak (kWp) Anlagenleistung.<\/p>\n<p class=\"Stil6\">Die kompletten Anschaffungskosten (schl\u00fcsselfertig) dieser Anlage schlagen mit rund 15.000,- \u20ac netto zu Buche. Die Anlage wird auch rein netto durchgerechnet, da man sich die 19% Umsatzsteuer vom zust\u00e4ndigen Finanzamt komplett zur\u00fcck erstatten lassen kann.<\/p>\n<p class=\"Stil6\">Bei dieser Anlagengr\u00f6\u00dfe kann die komplette Investition ohne Einsatz von Eigenkapital z.B. \u00fcber die KfW (Kreditanstalt f\u00fcr Wiederaufbau), die Umweltbank oder die Hausbank beantragt werden. In der heutigen Zeit eignet sich die Photovoltaik-Anlage auch als sichere Anlage f\u00fcr das ersparte Eigenkapital. Die gesetzliche Einspeiseverg\u00fctung ger\u00e4t w\u00e4hrend der Laufzeit der Anlage bei einer Krise n\u00e4mlich nicht ins Schwanken, sondern bleibt stabil.<\/p>\n<p class=\"Stil6\">Diese 10 kW-Anlage ist nun bei professioneller Abstimmung und unter Verwendung von hochwertigen Komponenten in der Lage in Mitteldeutschland (also auch in Kitzingen, W\u00fcrzburg und Schweinfurt) einen Stromertrag von rund 10.000 kWh (Kilowattstunden) pro Jahr zu erzeugen. Der Durchschnitts-Stromverbrauch von 10 Menschen ist somit f\u00fcr die n\u00e4chsten 20 Jahre gedeckt. Dies entspricht der normalen Laufzeit des Einspeisevertrages mit dem zust\u00e4ndigen Netzbetreiber. Das Jahr der Inbetriebnahme &#8211; also z.B. 2014 &#8211; wird einem geschenkt. Man erh\u00e4lt die volle Verg\u00fctung und die 20 Jahre Laufzeit beginnen erst am darauffolgenden Neujahrstag, also dem 01.01.2015. Wer also in der ersten Jahresh\u00e4lfte baut, kann einen vollen Sommer gleich gratis mitnehmen.<\/p>\n<p class=\"Stil6\">Verg\u00fctet wird der eingespeiste Strom ab 01.01.2014 mit ca 13 Cent pro eingespeister Kilowattstunde (kWh). Die Anlage erwirtschaftet so im ersten Jahr 1300,- \u20ac &#8211; nach 20 Jahren insgesamt ca. 26.000,- \u20ac. Die j\u00e4hrlichen Ertr\u00e4ge dienen am Anfang in erster Linie den Tilgungsraten des Kredits.\u00a0 Rechnet man konservativ hat sich nach ca. 10-12 Jahren die Anlage mit ihrem Stromertrag selbst bezahlt und der Rest kommt Ihrem Konto zugute. Gerne pr\u00e4sentieren wir Ihnen die finanziellen als auch steuerlichen Vorteile einer solchen Anlage pers\u00f6nlich. Durch den Eigenverbrauch des Solarstroms und die Ersparnis von Stromkosten i.H.v. 25 &#8211; 30 Cent pro kWh wird die Rendite noch deutlich verbessert.<\/p>\n<p class=\"Stil6\">Man kann diese Investition als moderne Form der Kapitalanlage, einfache Ma\u00dfnahme zur Senkung der st\u00e4ndig steigenden Energiekosten oder auch als Altersvorsorge betrachten.<\/p>\n<p>Wir hoffen Ihnen einen guten Einstieg zu dem Thema \u201eSolarstrom selbst erzeugen\u201c geboten zu haben.<\/p>\n<p><a href=\"https:\/\/www.sonnenwatt.de\/index.php\/kontakt\/\">F\u00fcr weitere Fragen nutzen Sie bitte unser <strong>Kontaktformular<\/strong><\/a><\/p>\n<p>Wir werden uns umgehend mit Ihnen in Verbindung setzen.<\/p>\n","protected":false},"excerpt":{"rendered":"<p>&nbsp; Die Praxis Hier m\u00f6chten wir nun anhand eines Beispiels das Zusammenspiel der technischen und wirtschaftlichen Aspekte behandeln: Sie besitzen ein Eigenheim mit einem normalen Satteldach bei 30\u00b0 Dachneigung, das nach S\u00fcden zeigt. Das Dach hat abz\u00fcglich Fenster etc. eine nutzbare Fl\u00e4che von 8 x 10 m = 80 m\u00b2. Auf diese Fl\u00e4che passen nun [&hellip;]<\/p>\n","protected":false},"author":1,"featured_media":0,"parent":31,"menu_order":0,"comment_status":"open","ping_status":"open","template":"","meta":{"footnotes":""},"class_list":["post-26","page","type-page","status-publish","hentry"],"_links":{"self":[{"href":"https:\/\/www.sonnenwatt.de\/index.php\/wp-json\/wp\/v2\/pages\/26","targetHints":{"allow":["GET"]}}],"collection":[{"href":"https:\/\/www.sonnenwatt.de\/index.php\/wp-json\/wp\/v2\/pages"}],"about":[{"href":"https:\/\/www.sonnenwatt.de\/index.php\/wp-json\/wp\/v2\/types\/page"}],"author":[{"embeddable":true,"href":"https:\/\/www.sonnenwatt.de\/index.php\/wp-json\/wp\/v2\/users\/1"}],"replies":[{"embeddable":true,"href":"https:\/\/www.sonnenwatt.de\/index.php\/wp-json\/wp\/v2\/comments?post=26"}],"version-history":[{"count":4,"href":"https:\/\/www.sonnenwatt.de\/index.php\/wp-json\/wp\/v2\/pages\/26\/revisions"}],"predecessor-version":[{"id":261,"href":"https:\/\/www.sonnenwatt.de\/index.php\/wp-json\/wp\/v2\/pages\/26\/revisions\/261"}],"up":[{"embeddable":true,"href":"https:\/\/www.sonnenwatt.de\/index.php\/wp-json\/wp\/v2\/pages\/31"}],"wp:attachment":[{"href":"https:\/\/www.sonnenwatt.de\/index.php\/wp-json\/wp\/v2\/media?parent=26"}],"curies":[{"name":"wp","href":"https:\/\/api.w.org\/{rel}","templated":true}]}}