{"id":27,"date":"2007-12-30T21:53:54","date_gmt":"2007-12-30T20:53:54","guid":{"rendered":"http:\/\/www.sonnenwatt.de\/?page_id=27"},"modified":"2018-04-17T14:09:22","modified_gmt":"2018-04-17T13:09:22","slug":"referenzanlagen","status":"publish","type":"page","link":"https:\/\/www.sonnenwatt.de\/index.php\/referenzanlagen\/","title":{"rendered":"Referenzanlagen"},"content":{"rendered":"<p>Viele unserer ertrags\u00fcberwachten Anlagen aus 2012 landeten in den Top 30 im Bereich Ertr\u00e4ge f\u00fcr Unterfranken.<\/p>\n<p>Als Quelle dient hierbei das unabh\u00e4ngige Ertragsportal sonnenertrag.eu. Hier sind f\u00fcr die Region Unterfranken \u00fcber 200 Solarstrom-Anlagen samt der dazugeh\u00f6rigen Ertr\u00e4ge gelistet. Dank der Mithilfe vieler Kunden k\u00f6nnen auch wir hier gemeinsam die Performance der von uns realisierten Anlagen anschaulich machen und nachweisen. Wir bedanken uns f\u00fcr ihr Engagement und unsere Kunden freuen sich dank weit \u00fcberdurchschnittlicher Produktion \u00fcber die ertragsst\u00e4rksten Anlagen der Region. Bis auf die letzte Kilowattstunde optimal geplante Anlagen mit qualitativen Komponenten produzieren f\u00fcr uns alle im Schnitt 10% mehr Strom als eine Durchschnitts-Anlage in Unterfranken. Das ist unser Qualit\u00e4tsanspruch an uns selbst und f\u00fcr Sie als Betreiber bares Geld in der Tasche. Gem\u00e4\u00df unserem Motto &#8222;Sonnenwatt &#8211; Volle Leistung&#8220;, sehen Sie selbst:<\/p>\n<p>Me\u00dfzeitraum: 2012 komplett<\/p>\n<p>Bezirk: Unterfranken<\/p>\n<p>Sortierung nach Leistung<\/p>\n<p><strong>Photovoltaikanlagen Top 30<\/strong><\/p>\n<p><strong><a href=\"https:\/\/www.sonnenwatt.de\/wp-content\/uploads\/2007\/12\/sonnenertrag.eu-28.01.13-Zeitraum-01.12-31.12.pdf\" target=\"_blank\" rel=\"noopener\">Zeitraum 01.01.12 &#8211; 31.12.12<\/a><\/strong><\/p>\n<p>&nbsp;<\/p>\n<p><strong>639 kWp Q-Cells Q.PRO G3 mit Kaco Powador 60.0 TL3<\/strong><\/p>\n<p><img loading=\"lazy\" decoding=\"async\" class=\"alignleft size-full wp-image-592\" title=\"01 P1 93,075 kWp\" src=\"https:\/\/www.sonnenwatt.de\/wp-content\/uploads\/2007\/12\/01-P1-93075-kWp3.jpg\" alt=\"\" width=\"507\" height=\"291\" srcset=\"https:\/\/www.sonnenwatt.de\/wp-content\/uploads\/2007\/12\/01-P1-93075-kWp3.jpg 507w, https:\/\/www.sonnenwatt.de\/wp-content\/uploads\/2007\/12\/01-P1-93075-kWp3-300x172.jpg 300w\" sizes=\"auto, (max-width: 507px) 100vw, 507px\" \/><\/p>\n<p>&nbsp;<\/p>\n<p>&nbsp;<\/p>\n<p>&nbsp;<\/p>\n<p>&nbsp;<\/p>\n<p>&nbsp;<\/p>\n<p>&nbsp;<\/p>\n<p>&nbsp;<\/p>\n<p>&nbsp;<\/p>\n<p>&nbsp;<\/p>\n<p>&nbsp;<\/p>\n<p>&nbsp;<\/p>\n<p><img loading=\"lazy\" decoding=\"async\" class=\"alignleft size-full wp-image-593\" title=\"DSCN0694\" src=\"https:\/\/www.sonnenwatt.de\/wp-content\/uploads\/2007\/12\/DSCN06942.jpg\" alt=\"\" width=\"531\" height=\"239\" srcset=\"https:\/\/www.sonnenwatt.de\/wp-content\/uploads\/2007\/12\/DSCN06942.jpg 531w, https:\/\/www.sonnenwatt.de\/wp-content\/uploads\/2007\/12\/DSCN06942-300x135.jpg 300w\" sizes=\"auto, (max-width: 531px) 100vw, 531px\" \/><\/p>\n<p>&nbsp;<\/p>\n<p>&nbsp;<\/p>\n<p>&nbsp;<\/p>\n<p>&nbsp;<\/p>\n<p>&nbsp;<\/p>\n<p>&nbsp;<\/p>\n<p>&nbsp;<\/p>\n<p>&nbsp;<\/p>\n<p>&nbsp;<\/p>\n<p>Anlagenstandort: Ebern<\/p>\n<p>Dachausrichtung: + 35\u00b0 West und -55\u00b0 Ost<\/p>\n<p>Dachneigung: 10\u00b0<\/p>\n<p>Module: 2.506 St\u00fcck Q-Cells Q.PRO G3 je 255 Watt<\/p>\n<p>Wechselrichter: 12 x Kaco Powador 60.0 TL3, 2 x Kaco Powador 18.0 TL3<\/p>\n<p>Inbetriebnahme: Februar 2014<\/p>\n<p>&nbsp;<\/p>\n<p>&nbsp;<\/p>\n<p><strong>54,34 kWp Aleo S18 polykristallin mit Sunny Tripower Wechselrichtern<\/strong><\/p>\n<p><strong><img loading=\"lazy\" decoding=\"async\" class=\"alignleft size-full wp-image-575\" title=\"IMG_1708\" src=\"https:\/\/www.sonnenwatt.de\/wp-content\/uploads\/2007\/12\/IMG_1708.jpg\" alt=\"\" width=\"512\" height=\"384\" srcset=\"https:\/\/www.sonnenwatt.de\/wp-content\/uploads\/2007\/12\/IMG_1708.jpg 512w, https:\/\/www.sonnenwatt.de\/wp-content\/uploads\/2007\/12\/IMG_1708-300x225.jpg 300w\" sizes=\"auto, (max-width: 512px) 100vw, 512px\" \/><\/strong><\/p>\n<p>&nbsp;<\/p>\n<p>&nbsp;<\/p>\n<p>&nbsp;<\/p>\n<p>&nbsp;<\/p>\n<p>&nbsp;<\/p>\n<p>&nbsp;<\/p>\n<p>&nbsp;<\/p>\n<p>&nbsp;<\/p>\n<p>&nbsp;<\/p>\n<p>&nbsp;<\/p>\n<p>&nbsp;<\/p>\n<p>&nbsp;<\/p>\n<p>&nbsp;<\/p>\n<p>Anlagenstandort: Frensdorf<\/p>\n<p>Dachausrichtung: + 45 \u00b0 West und &#8211; 135\u00b0 Ost<\/p>\n<p>Dachneigung: 15\u00b0<\/p>\n<p>Module: 247 St\u00fcck Aleo Solar S 18 je 220 Watt<\/p>\n<p>Wechselrichter: 2 x SMA STP 17000 TL, 1 x SMA STP 15000 TL<\/p>\n<p>Inbetriebnahme: August 2011<\/p>\n<p><strong>Ertrag 2015: 1.007 kWh pro installiertem kWp<\/strong><\/p>\n<p><strong>Ertrag 2014: 990 kWh pro installiertem kWp<\/strong><\/p>\n<p><strong>Ertrag 2013: 942 kWh pro installiertem kWp<\/strong><\/p>\n<p><strong>Diese Anlage l\u00e4uft\u00a0 8 % besser als eine Durchschnitts-Anlage im Postleitzahlengebiet 96.<\/strong><\/p>\n<p><strong><br \/>\n<\/strong><\/p>\n<p><strong><br \/>\n<\/strong><\/p>\n<h1><strong>Anlagen mit Online-Ertragsanzeige<\/strong><\/h1>\n<p>&nbsp;<\/p>\n<h1><strong>4,55 kWp Aleo polykristallin mit SMA und Schattenmanagement<br \/>\n<\/strong><\/h1>\n<p><img loading=\"lazy\" decoding=\"async\" class=\"alignleft size-full wp-image-224\" title=\"4,55 kWp Aleo + SMA mit OptiTrackGlobalPeak\" src=\"https:\/\/www.sonnenwatt.de\/wp-content\/uploads\/2007\/12\/455-kWp-Aleo-+-SMA-mit-OptiTrackGlobalPeak.jpg\" alt=\"\" width=\"506\" height=\"169\" srcset=\"https:\/\/www.sonnenwatt.de\/wp-content\/uploads\/2007\/12\/455-kWp-Aleo-+-SMA-mit-OptiTrackGlobalPeak.jpg 506w, https:\/\/www.sonnenwatt.de\/wp-content\/uploads\/2007\/12\/455-kWp-Aleo-+-SMA-mit-OptiTrackGlobalPeak-300x100.jpg 300w\" sizes=\"auto, (max-width: 506px) 100vw, 506px\" \/><\/p>\n<p>&nbsp;<\/p>\n<p>&nbsp;<\/p>\n<p>&nbsp;<\/p>\n<p>&nbsp;<\/p>\n<p>&nbsp;<\/p>\n<p>&nbsp;<\/p>\n<p>Anlagenstandort: Kitzingen<\/p>\n<p>Dachausrichtung: &#8211; 10 \u00b0 S\u00fcd-Ost<\/p>\n<p>Dachneigung: 35\u00b0<\/p>\n<p>Module: 26 St\u00fcck Aleo Solar S 24 je 175 Watt<\/p>\n<p>Wechselrichter: 1 x SMA SB 4000 TL-20 mit Verschattungsoptimierung OptiTrac Global Peak<\/p>\n<p>Inbetriebnahme: Februar 2010<\/p>\n<p><strong>Ertrag 2013: 1.036 kWh pro installiertem kWp<\/strong><\/p>\n<p><strong>Ertrag 2012: 1.182 kWh pro installiertem kWp<\/strong><\/p>\n<p><strong>Ertrag 2011: 1.202 kWh pro installiertem kWp<\/strong><\/p>\n<p><strong>Ertrag 2010 M\u00e4rz-Dezember: 1.005 kWh pro installiertem kWp<br \/>\n<\/strong><\/p>\n<p><strong>Diese Anlage l\u00e4uft\u00a0 14 % besser als eine Durchschnitts-Anlage im Postleitzahlengebiet 97.<\/strong><\/p>\n<p><a title=\"Ertragsdaten Aleo S24.175 und SMA OptiTrac\" href=\"http:\/\/www.sonnenertrag.eu\/de\/kitzingen\/feldrain\/14538\/14556.html\" target=\"_blank\" rel=\"noopener\">Hier geht es zu den aktuellen Ertr\u00e4gen dieser Anlage.<\/a><\/p>\n<p><strong><br \/>\n<\/strong><\/p>\n<p>&nbsp;<\/p>\n<h1><strong>7,35 kWp Aleo S 03 monokristallin mit neuer SMA TL-20-Serie<br \/>\n<\/strong><\/h1>\n<p><img decoding=\"async\" src=\"file:\/\/\/D:\/INTERN\/Homepage\/Aktive%20Page\/img\/4,55%20kWp%20Aleo%20+%20SMA%20mit%20OptiTrackGlobalPeak.jpg\" alt=\"\" \/><\/p>\n<p><img decoding=\"async\" src=\"https:\/\/www.sonnenwatt.de\/wp-content\/uploads\/2010\/11\/735-kw-aleo-s03-mit-sma.JPG\" alt=\"7,35 kWp Aleo S03 Spitzenertrag in Unterfranken dank Sonnenwatt\" \/><\/p>\n<p>Anlagenstandort: Kitzingen<\/p>\n<p>Dachausrichtung: &#8211; 5 \u00b0 S\u00fcd-Ost<\/p>\n<p>Dachneigung: 30\u00b0<\/p>\n<p>Module: 42 St\u00fcck Aleo Solar S 03 je 175 Watt<\/p>\n<p>Wechselrichter: 1 x SMA SB 4000 TL-20, 1 x SMA SB 3000 TL-20<\/p>\n<p>Inbetriebnahme: Februar 2010<\/p>\n<p><strong>Ertrag 2015: 1.149 kWh pro installiertem kWp<\/strong><\/p>\n<p><strong>Ertrag 2014: 1.091 kWh pro installiertem kWp<\/strong><\/p>\n<p><strong>Ertrag 2013: 1.038 kWh pro installiertem kWp<\/strong><\/p>\n<p><strong>Ertrag 2012: 1.165 kWh pro installiertem kWp<\/strong><\/p>\n<p><strong>Ertrag 2011: 1.177 kWh pro installiertem kWp<\/strong><\/p>\n<p><strong>Diese Anlage l\u00e4uft\u00a0 13 % besser als eine Durchschnitts-Anlage im Postleitzahlengebiet 97.<\/strong><\/p>\n<p><a href=\"http:\/\/www.sonnenertrag.eu\/de\/kitzingen\/www-sonnenwatt-de\/11438\/11746.html\" target=\"_blank\" rel=\"noopener\">Hier geht es zu den aktuellen Ertr\u00e4gen dieser Anlage<\/a><\/p>\n<p>&nbsp;<\/p>\n<p>&nbsp;<\/p>\n<h1><strong>3,78 kWp neue Kyocera KD-Serie mit SMA-Wechselrichter<\/strong><\/h1>\n<p><img decoding=\"async\" src=\"https:\/\/www.sonnenwatt.de\/wp-content\/uploads\/2009\/02\/378-kwp-kyocera.JPG\" alt=\"3,78 kWp Kyocera PV-Anlage mit Ertrags\u00fcberwachung \/ Ertragsanzeige Online\" \/><\/p>\n<p>Anlagenstandort: Mainfranken<\/p>\n<p>Dachausrichtung: &#8211; 20 \u00b0 S\u00fcd-Ost<\/p>\n<p>Dachneigung: 45\u00b0<\/p>\n<p>Module: 21 x Kyocera KD180GH-2P<\/p>\n<p>Wechselrichter: 1 x SMA SB 3300 TL HC<\/p>\n<p>Inbetriebnahme: Juni 2008<\/p>\n<p><strong>Ertrag 2015: 1.149 kWh pro installiertem kWp<\/strong><\/p>\n<p><strong>Ertrag 2014: 1.037 kWh pro installiertem kWp<\/strong><\/p>\n<p><strong>Ertrag 2013: 1.035 kWh pro installiertem kWp<\/strong><\/p>\n<p><strong>Ertrag 2012: 1.154 kWh pro installiertem kWp<\/strong><\/p>\n<p><strong>Ertrag 2011: 1.179 kWh pro installiertem kWp<\/strong><\/p>\n<p><strong>Ertrag 2010: 1.031 kWh pro installiertem kWp <\/strong><\/p>\n<p><strong>Ertrag 2009: 1.105 kWh pro installiertem kWp<\/strong><\/p>\n<p><strong>Diese Anlage l\u00e4uft\u00a0 13 % besser als eine Durchschnitts-Anlage im Postleitzahlengebiet 97. <\/strong><\/p>\n<p><a href=\"http:\/\/www.sonnenertrag.eu\/de\/kuernach\/sun-watch\/3089\/3022.html\" target=\"_blank\" rel=\"noopener\">Hier geht es zu den aktuellen Ertr\u00e4gen dieser Anlage<\/a><\/p>\n<p><a href=\"http:\/\/sun-watch.net\/\" target=\"_blank\" rel=\"noopener\">Hier finden Sie Informationen zur verwendeten Anlagen\u00fcberwachung<\/a><\/p>\n<h1><strong>12,42 kWp neue Kyocera KD-Serie mit SMA-Wechselrichtern<\/strong><\/h1>\n<p><img decoding=\"async\" src=\"https:\/\/www.sonnenwatt.de\/wp-content\/uploads\/2008\/08\/3.JPG\" alt=\"69 St\u00fcck polykristalline Kyocera KD180GH-2P auf Rupp - Ziegel\" \/><\/p>\n<p>Anlagenstandort: 97332 Volkach-Eichfeld<\/p>\n<p>Dachausrichtung: absolut S\u00fcden<\/p>\n<p>Dachneigung: 38\u00b0<\/p>\n<p>Module: 69 x Kyocera KD180GH-2P<\/p>\n<p>Wechselrichter: 2 x SMA SB 3800, 1 x SMA SB 3300 TL HC<\/p>\n<p>Inbetriebnahme: August 2008<\/p>\n<p><strong>Ertrag 2014: 1.049 kWh pro installiertem kWp<\/strong><\/p>\n<p><strong>Ertrag 2013: 992 kWh pro installiertem kWp<\/strong><\/p>\n<p><strong>Ertrag 2012: 1.111 kWh pro installiertem kWp<\/strong><\/p>\n<p><strong>Ertrag 2011: 1.149 kWh pro installiertem kWp<\/strong><\/p>\n<p><strong>Ertrag 2010: 994 kWh pro installiertem kWp <\/strong><\/p>\n<p><strong>Ertrag 2009: 1.054 kWh pro installiertem kWp<\/strong><\/p>\n<p><strong>Diese Anlage l\u00e4uft\u00a0 9 % besser als eine Durchschnitts-Anlage im Postleitzahlengebiet 97. <\/strong><\/p>\n<p><a title=\"Kyocera + SMA + Sonnenwatt + Top-Ertr\u00e4ge in Mainfranken\" href=\"http:\/\/www.sonnenertrag.eu\/de\/solarstrom-eichfeld\/volkach\/3990\/4100.html\" target=\"_blank\" rel=\"noopener\">Hier geht es zu den aktuellen Ertr\u00e4gen dieser Anlage.<\/a><\/p>\n<p>&nbsp;<\/p>\n<p>&nbsp;<\/p>\n<h1><strong>4,32 kWp neue Kyocera KD-Serie mit SMA-Wechselrichter<\/strong><\/h1>\n<p><img decoding=\"async\" src=\"https:\/\/www.sonnenwatt.de\/wp-content\/uploads\/2008\/08\/img_0406.jpg\" alt=\"4,32 kWp Kyocera KD180GH-2P Solar in W\u00fcrzburg\" \/><\/p>\n<p>Anlagenstandort: 97273 K\u00fcrnach<\/p>\n<p>Dachausrichtung: &#8211; 20 \u00b0 S\u00fcd-Ost<\/p>\n<p>Dachneigung: 45\u00b0<\/p>\n<p>Module: 24 x Kyocera KD180GH-2P<\/p>\n<p>Wechselrichter: 1 x SMA SB 3800<\/p>\n<p>Inbetriebnahme: Juli 2008<\/p>\n<p><strong>Ertrag 2015: 1.124 kWh pro installiertem kWp<\/strong><\/p>\n<p><strong>Ertrag 2014: 1.050 kWh pro installiertem kWp<\/strong><\/p>\n<p><strong>Ertrag 2013: 1.021 kWh pro installiertem kWp<\/strong><\/p>\n<p><strong>Ertrag 2012: 1.131 kWh pro installiertem kWp<\/strong><\/p>\n<p><strong>Ertrag 2011: 1.149 kWh pro installiertem kWp<\/strong><\/p>\n<p><strong>Ertrag 2010: 1.015 kWh pro installiertem kWp <\/strong><\/p>\n<p><strong>Ertrag 2009: 1.091 kWh pro installiertem kWp<\/strong><\/p>\n<p><strong>Diese Anlage l\u00e4uft 11 % besser als eine Durchschnitts-Anlage im Postleitzahlengebiet 97.<\/strong><\/p>\n<p><a title=\"Kyocera + SMA + Sonnenwatt + Top-Ertr\u00e4ge in Mainfranken\" href=\"http:\/\/www.sonnenertrag.eu\/de\/geobroker\/kuernach\/3071\/3003.html\" target=\"_blank\" rel=\"noopener\">Hier geht es zu den aktuellen Ertr\u00e4gen dieser Anlage.<\/a><\/p>\n<p>&nbsp;<\/p>\n<p>&nbsp;<\/p>\n<h1>30,24 kWp First Solar (D\u00fcnnschicht) mit neuen SMA TL-10 Wechselrichtern<\/h1>\n<p><img decoding=\"async\" src=\"https:\/\/www.sonnenwatt.de\/wp-content\/uploads\/2008\/12\/img_0544.jpg\" alt=\"First Solar D\u00fcnnschicht PV-Anlage in W\u00fcrzburg\" \/><\/p>\n<p><img decoding=\"async\" src=\"https:\/\/www.sonnenwatt.de\/wp-content\/uploads\/2008\/12\/img_0545.jpg\" alt=\"3 neue trafolose Wechselrichter der SMA SMC-Serie\" \/><\/p>\n<p>Anlagenstandort: Gerbrunn<\/p>\n<p>Dachausrichtung: &#8211; 15 \u00b0 S\u00fcd-Ost<\/p>\n<p>Dachneigung: 20\u00b0<\/p>\n<p>Module: 432 x First Solar FS-270<\/p>\n<p>Wechselrichter: 1 x SMA SMC 10000TL-10, 2 x SMA SMC 9000TL-10<\/p>\n<p>Inbetriebnahme: Dezember 2008<\/p>\n<p><strong>Ertrag 2014: 926 kWh pro installiertem kWp<\/strong><\/p>\n<p><strong>Ertrag 2013: 916 kWh pro installiertem kWp<\/strong><\/p>\n<p><strong>Ertrag 2012: 1.024 kWh pro installiertem kWp <\/strong><\/p>\n<p><strong>Ertrag 2011: 1.057 kWh pro installiertem kWp <\/strong><\/p>\n<p><strong>Ertrag 2010: 960 kWh pro installiertem kWp <\/strong><\/p>\n<p><strong>Ertrag 2009: 1.016 kWh pro installiertem kWp<\/strong><\/p>\n<p><strong>Diese Anlage l\u00e4uft 2 % besser als eine Durchschnitts-Anlage im Postleitzahlengebiet 97.<\/strong><\/p>\n<p>&nbsp;<\/p>\n<p>&nbsp;<\/p>\n<h1><strong>13,32 kWp polykristalline Mitsubishi mit SMA-Wechselrichtern<\/strong><\/h1>\n<p><img decoding=\"async\" src=\"https:\/\/www.sonnenwatt.de\/wp-content\/uploads\/2008\/08\/img_0446.jpg\" alt=\"13,32 kWp Mitsubishi Solarstrom-Anlage in Mainfranken\" \/><\/p>\n<p>Anlagenstandort: Mainfranken<\/p>\n<p>Dachausrichtung: &#8211; 20 \u00b0 S\u00fcd-Ost<\/p>\n<p>Dachneigung: 45\u00b0<\/p>\n<p>Module: 72 x Mitsubishi PV-TD185MF5<\/p>\n<p>Wechselrichter: 3 x SMA SB 3800<\/p>\n<p>Inbetriebnahme: August 2008<\/p>\n<p><strong>Ertrag 2015: 1.066 kWh pro installiertem kWp<\/strong><\/p>\n<p><strong>Ertrag 2014: 1.028 kWh pro installiertem kWp<\/strong><\/p>\n<p><strong>Ertrag 2013: 935 kWh pro installiertem kWp<\/strong><\/p>\n<p><strong>Ertrag 2012: 1.115 kWh pro installiertem kWp<\/strong><\/p>\n<p><strong>Ertrag 2011: 1.166 kWh pro installiertem kWp<\/strong><\/p>\n<p><strong>Ertrag 2010: 978 kWh pro installiertem kWp <\/strong><\/p>\n<p><strong>Ertrag 2009: 1.065 kWh pro installiertem kWp<\/strong><\/p>\n<p><strong>Diese Anlage l\u00e4uft 8 % besser als eine Durchschnitts-Anlage im Postleitzahlengebiet 97.<\/strong><\/p>\n<p><a title=\"Dingosonne bei sonnenertrag.eu\" href=\"http:\/\/www.sonnenertrag.eu\/de\/dingosonne\/dingolshausen\/6665\/6860.html\" target=\"_blank\" rel=\"noopener\">Hier geht es zu den aktuellen Ertr\u00e4gen dieser Anlage.<\/a><\/p>\n<p>&nbsp;<\/p>\n<p>&nbsp;<\/p>\n<h1><strong>11,9 kWp polykristalline Kyocera mit SMA-Wechselrichtern <\/strong><\/h1>\n<p>&nbsp;<\/p>\n<p><img decoding=\"async\" src=\"https:\/\/www.sonnenwatt.de\/wp-content\/uploads\/2007\/12\/cimg0949.JPG\" alt=\"Wechselrichter\" \/><\/p>\n<p>Anlagenstandort: 97346 Iphofen<\/p>\n<p>Dachausrichtung: + 25 \u00b0 S\u00fcd-West<\/p>\n<p>Dachneigung: 40 \u00b0<\/p>\n<p>Module: 68 Kyocera KC175GHT-2<\/p>\n<p>Wechselrichter: 2 x SMA SB 3800, 1 x SMA SB 3300 TLHC<\/p>\n<p>Inbetriebnahme: Dezember 2007<\/p>\n<p><strong>Ertrag 2015: 1.072 kWh pro installiertem kWp<\/strong><\/p>\n<p><strong>Ertrag 2014: 1.036 kWh pro installiertem kWp<\/strong><\/p>\n<p><strong>Ertrag 2013: 932 kWh pro installiertem kWp<\/strong><\/p>\n<p><strong>Ertrag 2012: 1.089 kWh pro installiertem kWp <\/strong><\/p>\n<p><strong>Ertrag 2011: 1.126 kWh pro installiertem kWp<\/strong><\/p>\n<p><strong>Ertrag 2010: 966 kWh pro installiertem kWp <\/strong><\/p>\n<p><strong>Ertrag 2009: 1.027 kWh pro installiertem kWp<\/strong><\/p>\n<p><strong>Ertrag 2008: 1.031 kWh pro installiertem kWp<\/strong><\/p>\n<p><strong>Diese Anlage l\u00e4uft\u00a0 6 % besser als eine Durchschnitts-Anlage im Postleitzahlengebiet 97.<\/strong><\/p>\n","protected":false},"excerpt":{"rendered":"<p>Viele unserer ertrags\u00fcberwachten Anlagen aus 2012 landeten in den Top 30 im Bereich Ertr\u00e4ge f\u00fcr Unterfranken. Als Quelle dient hierbei das unabh\u00e4ngige Ertragsportal sonnenertrag.eu. Hier sind f\u00fcr die Region Unterfranken \u00fcber 200 Solarstrom-Anlagen samt der dazugeh\u00f6rigen Ertr\u00e4ge gelistet. Dank der Mithilfe vieler Kunden k\u00f6nnen auch wir hier gemeinsam die Performance der von uns realisierten Anlagen [&hellip;]<\/p>\n","protected":false},"author":1,"featured_media":0,"parent":0,"menu_order":2,"comment_status":"closed","ping_status":"open","template":"","meta":{"footnotes":""},"class_list":["post-27","page","type-page","status-publish","hentry"],"_links":{"self":[{"href":"https:\/\/www.sonnenwatt.de\/index.php\/wp-json\/wp\/v2\/pages\/27","targetHints":{"allow":["GET"]}}],"collection":[{"href":"https:\/\/www.sonnenwatt.de\/index.php\/wp-json\/wp\/v2\/pages"}],"about":[{"href":"https:\/\/www.sonnenwatt.de\/index.php\/wp-json\/wp\/v2\/types\/page"}],"author":[{"embeddable":true,"href":"https:\/\/www.sonnenwatt.de\/index.php\/wp-json\/wp\/v2\/users\/1"}],"replies":[{"embeddable":true,"href":"https:\/\/www.sonnenwatt.de\/index.php\/wp-json\/wp\/v2\/comments?post=27"}],"version-history":[{"count":104,"href":"https:\/\/www.sonnenwatt.de\/index.php\/wp-json\/wp\/v2\/pages\/27\/revisions"}],"predecessor-version":[{"id":935,"href":"https:\/\/www.sonnenwatt.de\/index.php\/wp-json\/wp\/v2\/pages\/27\/revisions\/935"}],"wp:attachment":[{"href":"https:\/\/www.sonnenwatt.de\/index.php\/wp-json\/wp\/v2\/media?parent=27"}],"curies":[{"name":"wp","href":"https:\/\/api.w.org\/{rel}","templated":true}]}}