{"id":32,"date":"2007-12-30T22:01:02","date_gmt":"2007-12-30T21:01:02","guid":{"rendered":"http:\/\/www.sonnenwatt.de\/?page_id=32"},"modified":"2017-04-23T05:10:55","modified_gmt":"2017-04-23T04:10:55","slug":"philosophie","status":"publish","type":"page","link":"https:\/\/www.sonnenwatt.de\/index.php\/34-2\/philosophie\/","title":{"rendered":"&#8211; Philosophie"},"content":{"rendered":"<h1><strong>Eine Anlage aus einer Hand<\/strong><\/h1>\n<p class=\"Stil5\">Unser Bestreben ist es Ihnen eine ma\u00dfgeschneiderte Solarstrom-Anlage zu bieten.<\/p>\n<p class=\"Stil5\">Die wichtigsten Punkte hierbei sind die optimale N\u00e4he zum Kunden, die Ber\u00fccksichtigung der individuellen W\u00fcnsche und Voraussetzungen, die gewissenhafte Beratung in allen Teilbereichen sowie die Gestaltung eines reibungslosen Ablaufs.<\/p>\n<p class=\"Stil5\">Hierzu bieten wir Ihnen die komplette Betreuung aus einer Hand. Sie erhalten einen Ansprechpartner, der Ihnen vom ersten Kontakt bis zur \u00dcbergabe der betriebsbereiten Anlage f\u00fcr alle Fragen zur Verf\u00fcgung steht. Aufgrund unserer langj\u00e4hrigen Erfahrung in der Solarstrom-Branche hat sich diese Variante als die nachhaltigste erwiesen.<\/p>\n<p class=\"Stil5\">Wir agieren deshalb als Installationsbetrieb mit Sitz in R\u00f6delsee und verlassen uns auf starke und erfahrene Partner in der Region. Mit deren Unterst\u00fctzung wollen wir Sie und den Ausbau der Photovoltaik lokal f\u00f6rdern. Unser Einzugsgebiet beschr\u00e4nkt sich auf einen Aktionsradius von rund 100 Kilometern, da in unseren Augen eine professionelle und qualitative Betreuung nur m\u00f6glich ist, wenn der Ort des Geschehens innerhalb einer realistischen Reichweite ist.<\/p>\n<p class=\"Stil5\">Das von uns betreute Gebiet umfasst Landkreise wie Kitzingen, W\u00fcrzburg, Bad Kissingen, Schweinfurt, Ha\u00dffurt, Bamberg, Erlangen, N\u00fcrnberg, Neustadt a.d. Aisch, Rothenburg, Lichtenfels und Tauberbischofsheim. F\u00fcr weiter entfernte Objekte bieten wir Ihnen die M\u00f6glichkeit unserer neutralen Angebotsbewertung, bei der wir Ihnen mit Rat und Tat zur Seite stehen.<\/p>\n","protected":false},"excerpt":{"rendered":"<p>Eine Anlage aus einer Hand Unser Bestreben ist es Ihnen eine ma\u00dfgeschneiderte Solarstrom-Anlage zu bieten. Die wichtigsten Punkte hierbei sind die optimale N\u00e4he zum Kunden, die Ber\u00fccksichtigung der individuellen W\u00fcnsche und Voraussetzungen, die gewissenhafte Beratung in allen Teilbereichen sowie die Gestaltung eines reibungslosen Ablaufs. Hierzu bieten wir Ihnen die komplette Betreuung aus einer Hand. Sie [&hellip;]<\/p>\n","protected":false},"author":1,"featured_media":0,"parent":34,"menu_order":0,"comment_status":"open","ping_status":"open","template":"","meta":{"footnotes":""},"class_list":["post-32","page","type-page","status-publish","hentry"],"_links":{"self":[{"href":"https:\/\/www.sonnenwatt.de\/index.php\/wp-json\/wp\/v2\/pages\/32","targetHints":{"allow":["GET"]}}],"collection":[{"href":"https:\/\/www.sonnenwatt.de\/index.php\/wp-json\/wp\/v2\/pages"}],"about":[{"href":"https:\/\/www.sonnenwatt.de\/index.php\/wp-json\/wp\/v2\/types\/page"}],"author":[{"embeddable":true,"href":"https:\/\/www.sonnenwatt.de\/index.php\/wp-json\/wp\/v2\/users\/1"}],"replies":[{"embeddable":true,"href":"https:\/\/www.sonnenwatt.de\/index.php\/wp-json\/wp\/v2\/comments?post=32"}],"version-history":[{"count":2,"href":"https:\/\/www.sonnenwatt.de\/index.php\/wp-json\/wp\/v2\/pages\/32\/revisions"}],"predecessor-version":[{"id":841,"href":"https:\/\/www.sonnenwatt.de\/index.php\/wp-json\/wp\/v2\/pages\/32\/revisions\/841"}],"up":[{"embeddable":true,"href":"https:\/\/www.sonnenwatt.de\/index.php\/wp-json\/wp\/v2\/pages\/34"}],"wp:attachment":[{"href":"https:\/\/www.sonnenwatt.de\/index.php\/wp-json\/wp\/v2\/media?parent=32"}],"curies":[{"name":"wp","href":"https:\/\/api.w.org\/{rel}","templated":true}]}}