{"id":33,"date":"2007-12-30T22:07:45","date_gmt":"2007-12-30T21:07:45","guid":{"rendered":"http:\/\/www.sonnenwatt.de\/?page_id=33"},"modified":"2018-03-28T10:06:24","modified_gmt":"2018-03-28T09:06:24","slug":"glossar","status":"publish","type":"page","link":"https:\/\/www.sonnenwatt.de\/index.php\/34-2\/glossar\/","title":{"rendered":"&#8211; Glossar"},"content":{"rendered":"<h1><strong>Hier finden Sie Erkl\u00e4rungen zu den wichtigsten Begriffen<\/strong><\/h1>\n<p>Die hier aufgef\u00fchrten Erkl\u00e4rungen richten sich prim\u00e4r nicht an Fachpublikum sondern sollen eher dem interessierten Leser praxisnahe Beispiele zum Verst\u00e4ndnis der Photovoltaik bieten. Daher kann es vorkommen, dass einige Beschreibungen fachlich nicht ganz exakt sind, daf\u00fcr aber auch (hoffentlich) f\u00fcr Laien verst\u00e4ndlich.<\/p>\n<p>Wir sind stets bem\u00fcht unsere Daten auf dem neuesten Stand zu halten. Falls Sie weitere Fragen oder Anmerkungen haben bzw. den ein oder anderen Begriff hier vermissen k\u00f6nnen Sie uns gerne <strong><a href=\"https:\/\/www.sonnenwatt.de\/index.php\/kontakt\/\" target=\"_blank\" rel=\"noopener\">eine e-Mail schreiben<\/a><\/strong>.<\/p>\n<p class=\"Stil5\"><strong>Amorphes Silizium<\/strong><br \/>\nSilizium, dessen Atome nicht in Form eines Kristallgitters angeordnet sind.<\/p>\n<p class=\"Stil5\"><strong>Azimut (auch Solargeneratorazimut)<\/strong><br \/>\nDie Abweichung vom Dach oder den Modulen nach Osten oder Westen. 0\u00b0 bedeutet S\u00fcden, -90\u00b0 w\u00e4re Osten und + 90\u00b0 Westen.<\/p>\n<p class=\"Stil5\"><strong>Dachneigung<\/strong><br \/>\nDer Winkel zwischen der Horizontalen und der Dachschr\u00e4gen von 0\u00b0 bis 90\u00b0.<\/p>\n<p class=\"Stil5\"><strong>Dachtypen<\/strong><br \/>\nv.l.n.r. Satteldach, Pultdach, Tonnendach, Sheddach)<\/p>\n<p class=\"Stil5\"><img decoding=\"async\" src=\"https:\/\/www.sonnenwatt.de\/wp-content\/uploads\/2008\/01\/satteldach.jpg\" alt=\"Satteldach\" \/><img decoding=\"async\" src=\"https:\/\/www.sonnenwatt.de\/wp-content\/uploads\/2008\/01\/pultdach.jpg\" alt=\"Pultdach\" \/><img decoding=\"async\" src=\"https:\/\/www.sonnenwatt.de\/wp-content\/uploads\/2008\/01\/tonnendach.jpg\" alt=\"Tonnendach\" \/><img decoding=\"async\" src=\"https:\/\/www.sonnenwatt.de\/wp-content\/uploads\/2008\/01\/sheddach.jpg\" alt=\"Sheddach\" \/><\/p>\n<p class=\"Stil5\"><strong>D\u00fcnnschicht-Module<\/strong><br \/>\nSolarmodule aus Cadmium-Tellurid (CdTe), Kupfer-Indium-Diselenid (CIS) oder auch amorphem Silizium. Diese haben einen h\u00f6heren Fl\u00e4chenbedarf um dieselbe Anlagenleistung zu realisieren, sind daf\u00fcr g\u00fcnstiger in der Anschaffung. Man verwendet sie gerne f\u00fcr Freifl\u00e4chen-Anlagen (also auf der Wiese) oder auf gro\u00dfen industriellen sowie landwirtschaftlichen Hallen, bei denen der Platzbedarf nicht die \u00fcbergeordnete Rolle spielt.<\/p>\n<p class=\"Stil5\"><strong>EEG (Erneuerbare-Energien-Gesetz)<\/strong><br \/>\nDas von der Bundesregierung im Jahre 2012 verabschiedete Gesetz zur F\u00f6rderung erneuerbarer Energien. Hier wird geregelt welche Energieform (Wind, Wasser, Sonne) zu welchen Konditionen gef\u00f6rdert wird.<\/p>\n<p class=\"Stil5\"><a href=\"https:\/\/www.sonnenwatt.de\/wp-content\/uploads\/2018\/03\/EEG_2017.pdf\" target=\"_blank\" rel=\"noopener\">Hier finden Sie das <strong>komplette EEG<\/strong> in der Original-Form<\/a><\/p>\n<p class=\"Stil5\"><strong>Einspeiseverg\u00fctung<\/strong><br \/>\nDie Netzbetreiber (z.B. n-ergie oder eon) sind aufgrund des EEG gesetzlich verpflichtet jede produzierte kWh (Kilowattstunde) gr\u00fcnen Strom an den Betreiber der Photovoltaik-Anlage zu zahlen.<\/p>\n<p class=\"Stil5\"><a href=\"https:\/\/www.sonnenwatt.de\/wp-content\/uploads\/2018\/03\/Verg\u00fctung-2017-2018.jpg\" target=\"_blank\" rel=\"noopener\">Eine \u00dcbersicht der aktuellen Verg\u00fctunss\u00e4tze finden Sie hier<\/a>.<\/p>\n<p class=\"Stil5\"><strong>Fossile Energietr\u00e4ger<\/strong><br \/>\nDies bezeichnet die endlichen Ressourcen der Welt wie z.B. \u00d6l, Kohle, Erdgas und Uran.<\/p>\n<p class=\"Stil5\"><strong>Gleichstrom<\/strong><br \/>\nDieser wird von den Modulen produziert und mit einem Plus- und einem Minuskabel zu den Wechselrichtern transportiert. Prinzipiell ein \u00e4hnlicher Aufbau wie eine (Auto)Batterie.<\/p>\n<p class=\"Stil5\"><strong>KfW (Kreditanstalt f\u00fcr Wiederaufbau)<\/strong><br \/>\nEine \u00f6ffentliche Bank zur Finanzierung von energie- und umweltschonenden Bauvorhaben.<\/p>\n<p class=\"Stil5\"><a href=\"http:\/\/www.kfw-foerderbank.de\/DE_Home\/Bauen_Wohnen_Energiesparen\/Darlehensprogramme_fuer_Wohnimmobilien\/Solarstrom72\/index.jsp?BGHP\" target=\"_blank\" rel=\"noopener\">Hier geht&#8217;s <strong>zur KfW. <\/strong>Programmnummer 274<\/a><\/p>\n<p class=\"Stil5\"><strong>kWh (Kilowattstunde)<\/strong><br \/>\nEnergieeinheit f\u00fcr den elektrischen Strom. Eine 100-Watt-Gl\u00fchbirne, die 10 Stunden lang brennt verbraucht in dieser Zeit 100 Watt x 10 Stunden = 1.000 Wattstunden. Dies entspricht genau einer Kilowattstunde. Momentan zahlt man als Stromkunde f\u00fcr diese Energiemenge rund 20 Cent.<\/p>\n<p class=\"Stil5\"><strong>kWp (Kilowatt peak)<\/strong><br \/>\nLeistung des Solarmoduls bzw. der gesamten Anlage unter sogenannten Standard-Testbedingungen. Mit Hilfe dieses Wertes und den \u00fcblichen Sonneneinstrahlungswerten (z.B. gemessen durch den Wetterdienst) am jeweiligen Standort kann man die gesamte Jahresenergiemenge prognostizieren.<\/p>\n<p><strong>Modul<\/strong><br \/>\nEin Solarmodul dient zur Erzeugung elektrischen Stroms mittels Sonnenenergie.<\/p>\n<p class=\"Stil5\"><strong>Monokristallines Silizium<\/strong><br \/>\nWafer mit gleichm\u00e4\u00dfig angeordneten Silizium-Kristallen werden miteinander verschalten und ergeben so ein ganzes Solarmodul.<\/p>\n<p class=\"Stil5\"><strong>Photon<\/strong><br \/>\nVon der Sonne emittierter Lichtstrahl (auch Lichtquant). Dieses Photon trifft auf die Solarzelle und es entsteht elektrische Energie.<\/p>\n<p class=\"Stil5\"><strong>Polykristallines Silizium<\/strong><br \/>\nWafer mit ungleichm\u00e4\u00dfig angeordneten Silizium-Kristallen werden miteinander verschalten und ergeben so ein ganzes Solarmodul.<\/p>\n<p class=\"Stil5\"><strong>Silizium<\/strong><br \/>\nChemisches Element, das sich hervorragend zur Stromproduktion nutzen l\u00e4sst. In der freien Natur kommt es beispielsweise im Sand vor.<\/p>\n<p class=\"Stil5\"><strong>Spezifischer Ertrag<\/strong><br \/>\nEine 10-kWp-Anlage produziert pro Jahr 10.000 kWh. Demnach hat sie umgerechnet einen spezifischen Ertrag von 10.000 kWh \/ 10 kWp = 1.000 kWh pro kWp. Dieser Wert hat sich gerade in der Region Mainfranken (Kitzingen, W\u00fcrzburg, Schweinfurt) aus den Erfahrungen der letzten Jahre als realistisch erwiesen und etabliert.<\/p>\n<p class=\"Stil5\"><strong>Standard-Testbedingungen STC (Standard Test Conditions)<\/strong><br \/>\nPr\u00fcfbedingungen unter denen im Werk die Leistung der Module exakt ermittelt wird und als rechnerische Gr\u00f6\u00dfe zur Anlagenplanung und Ertragsvorschau dient.<\/p>\n<p class=\"Stil5\"><strong>Stromertrag<\/strong><br \/>\nSumme des z.B. in einem Jahr eingespeisten Stroms der Photovoltaik-Anlage.<\/p>\n<p class=\"Stil5\"><strong>Wafer<\/strong><br \/>\nKleinste Einheit des Solarmoduls. Eine eckige, handfl\u00e4chengro\u00dfe Silizium-Zelle.<\/p>\n<p class=\"Stil5\"><img loading=\"lazy\" decoding=\"async\" src=\"https:\/\/www.sonnenwatt.de\/wp-content\/uploads\/2008\/01\/solarzelle.jpg\" alt=\"Wafer-Solarzelle\" width=\"133\" height=\"157\" \/><\/p>\n<p class=\"Stil5\"><strong>Wechselrichter<\/strong><br \/>\nWandelt den Gleichstrom der Solarmodule in netzf\u00e4higen Wechselstrom um.<\/p>\n<p class=\"Stil5\"><strong>Wechselstrom<\/strong><br \/>\nIn der Steckdose wechseln sich die vom Gleichstrom bekannten Plus- und Minuspole 50 mal pro Sekunde ab.<\/p>\n","protected":false},"excerpt":{"rendered":"<p>Hier finden Sie Erkl\u00e4rungen zu den wichtigsten Begriffen Die hier aufgef\u00fchrten Erkl\u00e4rungen richten sich prim\u00e4r nicht an Fachpublikum sondern sollen eher dem interessierten Leser praxisnahe Beispiele zum Verst\u00e4ndnis der Photovoltaik bieten. Daher kann es vorkommen, dass einige Beschreibungen fachlich nicht ganz exakt sind, daf\u00fcr aber auch (hoffentlich) f\u00fcr Laien verst\u00e4ndlich. Wir sind stets bem\u00fcht unsere [&hellip;]<\/p>\n","protected":false},"author":1,"featured_media":0,"parent":34,"menu_order":0,"comment_status":"open","ping_status":"open","template":"","meta":{"footnotes":""},"class_list":["post-33","page","type-page","status-publish","hentry"],"_links":{"self":[{"href":"https:\/\/www.sonnenwatt.de\/index.php\/wp-json\/wp\/v2\/pages\/33","targetHints":{"allow":["GET"]}}],"collection":[{"href":"https:\/\/www.sonnenwatt.de\/index.php\/wp-json\/wp\/v2\/pages"}],"about":[{"href":"https:\/\/www.sonnenwatt.de\/index.php\/wp-json\/wp\/v2\/types\/page"}],"author":[{"embeddable":true,"href":"https:\/\/www.sonnenwatt.de\/index.php\/wp-json\/wp\/v2\/users\/1"}],"replies":[{"embeddable":true,"href":"https:\/\/www.sonnenwatt.de\/index.php\/wp-json\/wp\/v2\/comments?post=33"}],"version-history":[{"count":9,"href":"https:\/\/www.sonnenwatt.de\/index.php\/wp-json\/wp\/v2\/pages\/33\/revisions"}],"predecessor-version":[{"id":1310,"href":"https:\/\/www.sonnenwatt.de\/index.php\/wp-json\/wp\/v2\/pages\/33\/revisions\/1310"}],"up":[{"embeddable":true,"href":"https:\/\/www.sonnenwatt.de\/index.php\/wp-json\/wp\/v2\/pages\/34"}],"wp:attachment":[{"href":"https:\/\/www.sonnenwatt.de\/index.php\/wp-json\/wp\/v2\/media?parent=33"}],"curies":[{"name":"wp","href":"https:\/\/api.w.org\/{rel}","templated":true}]}}