{"id":43,"date":"2008-01-23T21:35:18","date_gmt":"2008-01-23T20:35:18","guid":{"rendered":"http:\/\/www.sonnenwatt.de\/index.php\/uber-uns\/"},"modified":"2022-04-07T16:44:04","modified_gmt":"2022-04-07T15:44:04","slug":"uber-uns","status":"publish","type":"page","link":"https:\/\/www.sonnenwatt.de\/index.php\/uber-uns\/","title":{"rendered":"\u00dcber uns"},"content":{"rendered":"<h1><strong>Transparenz in allen Bereichen<\/strong><\/h1>\n<p><strong><em>2010 \u00a0 Gr\u00fcndung der Fa. Sonnenwatt Solar GmbH<\/em><\/strong><\/p>\n<p><strong><em>2007\u00a0\u00a0 Gr\u00fcndung der Fa. Sonnenwatt durch Wolfgang Seifert<\/em><\/strong><\/p>\n<p><span style=\"text-decoration: underline;\"><strong>Wolfgang Seifert &#8211; Gesch\u00e4ftsf\u00fchrer<\/strong><\/span><\/p>\n<p>Ihr Ansprechpartner f\u00fcr den Online-Handel<\/p>\n<p style=\"text-align: left;\"><span style=\"text-decoration: underline;\"><em>E-Mail:<\/em><\/span><strong> shop@sonnenwatt.de<\/strong><\/p>\n<ul>\n<li style=\"list-style-type: none;\">\n<ul>\n<li style=\"text-align: left;\">Seit 2010 Gesch\u00e4ftsf\u00fchrer<\/li>\n<\/ul>\n<\/li>\n<\/ul>\n<ul>\n<li style=\"text-align: left;\">Seit 2007 eigenst\u00e4ndiger Photovoltaik-Fachmann f\u00fcr s\u00e4mtliche Fragen im Bezug auf Planung, Montage und Finanzierung einer Photovoltaik-Anlage.<\/li>\n<li>2005 &#8211; 2007 Projektleiter bei einem auf Photovoltaik spezialisierten Unternehmen<\/li>\n<li>2003 Erstes Praxis-Semester im Bereich Photovoltaik<\/li>\n<li>2001 &#8211; 2005 Ingenieurwissenschaftliches Studium der Energie- und Umweltsystemtechnik an der FH Ansbach. Studieninhalte: regenerative Energie aus Wind, Wasser und Sonne.<\/li>\n<\/ul>\n<p><em>Schulungen und Zertifikate:<\/em><\/p>\n<ul>\n<li>2012: <a href=\"https:\/\/www.sonnenwatt.de\/wp-content\/uploads\/2014\/05\/2012.09-KACO-Wechselrichter.jpg\" target=\"_blank\" rel=\"noopener noreferrer\">KACO Wechselrichter<\/a><\/li>\n<li>2012: <a href=\"https:\/\/www.sonnenwatt.de\/wp-content\/uploads\/2014\/05\/2012.09-SMA-Smart-Home.jpg\" target=\"_blank\" rel=\"noopener noreferrer\">SMA Smart Home<\/a><\/li>\n<li>2012: <a href=\"https:\/\/www.sonnenwatt.de\/wp-content\/uploads\/2014\/05\/2012.02-VDE-AR-N-4105-und-EEG-2012.jpg\" target=\"_blank\" rel=\"noopener noreferrer\">SMA VDE-AR-N-4105 und EEG 2012<\/a><\/li>\n<li>2011: <a href=\"https:\/\/www.sonnenwatt.de\/wp-content\/uploads\/2015\/02\/Aleo-Seminar-WS-2011.pdf\" target=\"_blank\" rel=\"noopener noreferrer\">Aleo Solar Basistraining<\/a><\/li>\n<li>2011: <a href=\"https:\/\/www.sonnenwatt.de\/wp-content\/uploads\/2014\/05\/01.2011-SMA-Intensiv-Anlagenmonitoring.jpg\" target=\"_blank\" rel=\"noopener noreferrer\">SMA Intensiv-Seminar Anlagenmonitoring<\/a><\/li>\n<li>2011: <a href=\"https:\/\/www.sonnenwatt.de\/wp-content\/uploads\/2014\/05\/01.2011-SMA-Basis-Anlagenmonitoring.jpg\" target=\"_blank\" rel=\"noopener noreferrer\">SMA Basis-Seminar Anlagenmonitoring<\/a><\/li>\n<li>2011: <a href=\"https:\/\/www.sonnenwatt.de\/wp-content\/uploads\/2014\/05\/01.2011-SMA-Anlagenkommunikation.jpg\" target=\"_blank\" rel=\"noopener noreferrer\">SMA Basis-Seminar Anlagenkommunikation<\/a><\/li>\n<li>2011: <a href=\"https:\/\/www.sonnenwatt.de\/wp-content\/uploads\/2014\/05\/01.2011-SMA-Planung-Design.jpg\" target=\"_blank\" rel=\"noopener noreferrer\">SMA Kompakt-Seminar Anlagenplanung &amp; Design<\/a><\/li>\n<li>2011: <a href=\"https:\/\/www.sonnenwatt.de\/wp-content\/uploads\/2014\/05\/01.2011-SMA-Intensiv-WR.jpg\" target=\"_blank\" rel=\"noopener noreferrer\">SMA Intensiv-Seminar Wechselrichter<\/a><\/li>\n<li>2011: <a href=\"https:\/\/www.sonnenwatt.de\/wp-content\/uploads\/2014\/05\/01.2011-SMA-Basis-WR.jpg\" target=\"_blank\" rel=\"noopener noreferrer\">SMA Basis-Seminar Wechselrichter<\/a><\/li>\n<li>2008: <a href=\"https:\/\/www.sonnenwatt.de\/wp-content\/uploads\/2014\/05\/04.2008-Sunny-Communication-1-3.jpg\" target=\"_blank\" rel=\"noopener noreferrer\">SMA Sunny Communication I+II+III<\/a><\/li>\n<li>2008: <a href=\"https:\/\/www.sonnenwatt.de\/wp-content\/uploads\/2014\/05\/03.2008-Sunny-Family-1+2.jpg\" target=\"_blank\" rel=\"noopener noreferrer\">SMA Sunny Family I+II<\/a><\/li>\n<\/ul>\n<p><span style=\"text-decoration: underline;\"><strong>Daniel Hopfengart &#8211; Gesch\u00e4ftsf\u00fchrer<\/strong><\/span><\/p>\n<p>Ihr Ansprechpartner f\u00fcr schl\u00fcsselfertige PV-Anlagen<\/p>\n<p><span style=\"text-decoration: underline;\"><em>Telefon:<\/em><\/span><strong> 09323 \/ 87 79 48-1<\/strong><\/p>\n<p><span style=\"text-decoration: underline;\"><em>E-Mail:<\/em><\/span><strong> daniel.hopfengart@sonnenwatt.de<\/strong><\/p>\n<ul>\n<li>Seit 2013 Gesch\u00e4ftsf\u00fchrer<\/li>\n<li>2009-2012 freier Mitarbeiter der Fa. Sonnenwatt<\/li>\n<\/ul>\n<p><span style=\"text-decoration: underline;\"><strong>Anatol Husch<br \/>\n<\/strong><\/span><\/p>\n<p>Ihr Ansprechpartner f\u00fcr Batterien, Baus\u00e4tze und Elektromobilit\u00e4t<\/p>\n<p><span style=\"text-decoration: underline;\"><em>Telefon:<\/em><\/span><strong> 09323 \/ 87 79 48-0<\/strong><\/p>\n<p><span style=\"text-decoration: underline;\"><em>E-Mail:<\/em><\/span><strong> anatol.husch@sonnenwatt.de<\/strong><\/p>\n<ul>\n<li>im Team seit 2017<\/li>\n<\/ul>\n<p><span style=\"text-decoration: underline;\"><strong>Peggy J\u00e4ger<\/strong><strong> &#8211; Verwaltung<br \/>\n<\/strong><\/span><\/p>\n<p><span style=\"text-decoration: underline;\"><em>Telefon:<\/em><\/span><strong> 09323 \/ 87 79 48-0<\/strong><\/p>\n<p><span style=\"text-decoration: underline;\"><em>E-Mail:<\/em><\/span><strong> office@sonnenwatt.de<\/strong><\/p>\n<ul>\n<li>im Team seit 2011 f\u00fcr die allgemeinen B\u00fcro-T\u00e4tigkeiten<\/li>\n<\/ul>\n<p><strong>Wir w\u00fcrden uns freuen Ihnen das Motto &#8222;Sonnenwatt &#8211; Volle Leistung&#8220; vorstellen zu d\u00fcrfen.<\/strong><\/p>\n<p><strong>Ihr Team der Sonnenwatt Solar GmbH<\/strong><\/p>\n","protected":false},"excerpt":{"rendered":"<p>Transparenz in allen Bereichen 2010 \u00a0 Gr\u00fcndung der Fa. Sonnenwatt Solar GmbH 2007\u00a0\u00a0 Gr\u00fcndung der Fa. Sonnenwatt durch Wolfgang Seifert Wolfgang Seifert &#8211; Gesch\u00e4ftsf\u00fchrer Ihr Ansprechpartner f\u00fcr den Online-Handel E-Mail: shop@sonnenwatt.de Seit 2010 Gesch\u00e4ftsf\u00fchrer Seit 2007 eigenst\u00e4ndiger Photovoltaik-Fachmann f\u00fcr s\u00e4mtliche Fragen im Bezug auf Planung, Montage und Finanzierung einer Photovoltaik-Anlage. 2005 &#8211; 2007 Projektleiter bei [&hellip;]<\/p>\n","protected":false},"author":1,"featured_media":0,"parent":0,"menu_order":7,"comment_status":"open","ping_status":"open","template":"","meta":{"footnotes":""},"class_list":["post-43","page","type-page","status-publish","hentry"],"_links":{"self":[{"href":"https:\/\/www.sonnenwatt.de\/index.php\/wp-json\/wp\/v2\/pages\/43","targetHints":{"allow":["GET"]}}],"collection":[{"href":"https:\/\/www.sonnenwatt.de\/index.php\/wp-json\/wp\/v2\/pages"}],"about":[{"href":"https:\/\/www.sonnenwatt.de\/index.php\/wp-json\/wp\/v2\/types\/page"}],"author":[{"embeddable":true,"href":"https:\/\/www.sonnenwatt.de\/index.php\/wp-json\/wp\/v2\/users\/1"}],"replies":[{"embeddable":true,"href":"https:\/\/www.sonnenwatt.de\/index.php\/wp-json\/wp\/v2\/comments?post=43"}],"version-history":[{"count":53,"href":"https:\/\/www.sonnenwatt.de\/index.php\/wp-json\/wp\/v2\/pages\/43\/revisions"}],"predecessor-version":[{"id":1477,"href":"https:\/\/www.sonnenwatt.de\/index.php\/wp-json\/wp\/v2\/pages\/43\/revisions\/1477"}],"wp:attachment":[{"href":"https:\/\/www.sonnenwatt.de\/index.php\/wp-json\/wp\/v2\/media?parent=43"}],"curies":[{"name":"wp","href":"https:\/\/api.w.org\/{rel}","templated":true}]}}