{"id":5,"date":"2007-12-30T17:57:42","date_gmt":"2007-12-30T16:57:42","guid":{"rendered":"http:\/\/www.sonnenwatt.de\/?page_id=5"},"modified":"2010-02-05T21:53:21","modified_gmt":"2010-02-05T20:53:21","slug":"was-ist-photovoltaik","status":"publish","type":"page","link":"https:\/\/www.sonnenwatt.de\/index.php\/solarstrom\/was-ist-photovoltaik\/","title":{"rendered":"&#8211; Was ist Photovoltaik?"},"content":{"rendered":"<h1 align=\"center\"><strong>Die Zukunft der Stromerzeugung<\/strong><\/h1>\n<p align=\"justify\"> Als Photovoltaik bezeichnet man die direkte Umwandlung von Sonnenlicht in elektrischen Strom. Dies geschieht mit Hilfe des so genannten inneren photoelektrischen Effekts. Hierbei werden durch den Energiegehalt, der von der Sonne ausgestrahlten Photonen bei geeigneten Materialien wie z.B. Silizium, Elektronen auf ein erh\u00f6htes Energieniveau angehoben und somit ins Leitungsband bef\u00f6rdert. Innerhalb dieses Leitungsbandes entsteht so nun eine Vielzahl von freien Elektronen, die durch r\u00e4umliche Trennung eine gewisse Spannung aufbauen und somit in der Lage sind Energie in Form von Gleichstrom bereitzustellen und zu transportieren.<\/p>\n<p align=\"center\"><img decoding=\"async\" src=\"https:\/\/www.sonnenwatt.de\/wp-content\/uploads\/2010\/02\/photoelektrischer-effekt.jpg\" alt=\"Photoelektrischer Effekt - Strom durch Sonnenlicht\" \/><\/p>\n<p><a href=\"https:\/\/www.sonnenwatt.de\/index.php\/Solarstrom\/Wozu-wird-Photovoltaik-gebraucht?\/\">Hier geht&#8217;s weiter mit dem Thema <strong>Wozu wird Photovoltaik gebraucht?<\/strong><\/a><\/p>\n","protected":false},"excerpt":{"rendered":"<p>Die Zukunft der Stromerzeugung Als Photovoltaik bezeichnet man die direkte Umwandlung von Sonnenlicht in elektrischen Strom. Dies geschieht mit Hilfe des so genannten inneren photoelektrischen Effekts. Hierbei werden durch den Energiegehalt, der von der Sonne ausgestrahlten Photonen bei geeigneten Materialien wie z.B. Silizium, Elektronen auf ein erh\u00f6htes Energieniveau angehoben und somit ins Leitungsband bef\u00f6rdert. Innerhalb [&hellip;]<\/p>\n","protected":false},"author":1,"featured_media":0,"parent":3,"menu_order":2,"comment_status":"open","ping_status":"open","template":"","meta":{"footnotes":""},"class_list":["post-5","page","type-page","status-publish","hentry"],"_links":{"self":[{"href":"https:\/\/www.sonnenwatt.de\/index.php\/wp-json\/wp\/v2\/pages\/5","targetHints":{"allow":["GET"]}}],"collection":[{"href":"https:\/\/www.sonnenwatt.de\/index.php\/wp-json\/wp\/v2\/pages"}],"about":[{"href":"https:\/\/www.sonnenwatt.de\/index.php\/wp-json\/wp\/v2\/types\/page"}],"author":[{"embeddable":true,"href":"https:\/\/www.sonnenwatt.de\/index.php\/wp-json\/wp\/v2\/users\/1"}],"replies":[{"embeddable":true,"href":"https:\/\/www.sonnenwatt.de\/index.php\/wp-json\/wp\/v2\/comments?post=5"}],"version-history":[{"count":1,"href":"https:\/\/www.sonnenwatt.de\/index.php\/wp-json\/wp\/v2\/pages\/5\/revisions"}],"predecessor-version":[{"id":257,"href":"https:\/\/www.sonnenwatt.de\/index.php\/wp-json\/wp\/v2\/pages\/5\/revisions\/257"}],"up":[{"embeddable":true,"href":"https:\/\/www.sonnenwatt.de\/index.php\/wp-json\/wp\/v2\/pages\/3"}],"wp:attachment":[{"href":"https:\/\/www.sonnenwatt.de\/index.php\/wp-json\/wp\/v2\/media?parent=5"}],"curies":[{"name":"wp","href":"https:\/\/api.w.org\/{rel}","templated":true}]}}