{"id":68,"date":"2008-03-12T20:39:47","date_gmt":"2008-03-12T19:39:47","guid":{"rendered":"http:\/\/www.sonnenwatt.de\/index.php\/download-bereich\/"},"modified":"2020-02-18T16:25:18","modified_gmt":"2020-02-18T15:25:18","slug":"download-bereich","status":"publish","type":"page","link":"https:\/\/www.sonnenwatt.de\/index.php\/download-bereich\/","title":{"rendered":"Download-Bereich"},"content":{"rendered":"<h1><strong>Wissenswertes rund um&#8217;s Thema Solarstrom<\/strong><\/h1>\n<p>Wir \u00fcberlassen die Komponenten nicht dem Zufall: Hier die Fakten zu den Qualit\u00e4ts-Produkten.<br \/>\nGerne k\u00f6nnen Sie uns zum Thema solare Stromerzeugung auf Herz und Nieren pr\u00fcfen. <strong><a href=\"https:\/\/www.sonnenwatt.de\/index.php\/kontakt\/\" target=\"_blank\" rel=\"noopener noreferrer\">Hier geht&#8217;s direkt zu uns.<\/a><\/strong><\/p>\n<p>Sie finden hier die Datenbl\u00e4tter und Brosch\u00fcren der Hersteller sowie detaillierte Informationen bez\u00fcglich der gesetzlichen, finanziellen und rechtlichen Hintergr\u00fcnde einer Photovoltaik-Anlage.<\/p>\n<p><strong>Die kristallinen Markenmodule &#8211; hinter diesen Produkten steht auch noch in 20 Jahren ein solides Unternehmen.<\/strong><\/p>\n<p><a href=\"https:\/\/www.sonnenwatt.de\/wp-content\/uploads\/2020\/02\/Q_CELLS_Datenblatt_Q.PEAK_DUO-G8_345-360_2019-11_Rev01_DE.pdf\" target=\"_blank\" rel=\"noopener noreferrer\"><strong>Hanwha Q Cells Q.PEAK DUO G8 345-360 Watt (monokristallin, Halbzelle)<\/strong><\/a><\/p>\n<p><a href=\"https:\/\/www.sonnenwatt.de\/wp-content\/uploads\/2020\/02\/Q_CELLS_Datenblatt_Q.PEAK_DUO_BLK-G8_335-350_2019-11_Rev01_DE.pdf\" target=\"_blank\" rel=\"noopener noreferrer\"><strong>Hanwha Q Cells Q.PEAK DUO BLACK G8 335-350 Watt (monokristallin, Halbzelle) full black Modul<\/strong><\/a><\/p>\n<p><strong>\u00a0<\/strong><\/p>\n<p><strong>Das aktuelle Sortiment an Wechselrichtern von den Markt- und Technologief\u00fchrern finden Sie direkt auf den Hersteller-Seiten:<\/strong><\/p>\n<ul>\n<li><strong><a title=\"SMA Sunny Tripower 5000-12000 TL-20\" href=\"https:\/\/www.sma.de\/\" target=\"_blank\" rel=\"noopener noreferrer\">SMA Solar Technology AG<\/a><\/strong><em><br \/>\n<\/em><\/li>\n<li><strong><a href=\"https:\/\/www.kostal-solar-electric.com\/\" target=\"_blank\" rel=\"noopener noreferrer\">KOSTAL Solar Electric GmbH<\/a><\/strong><\/li>\n<li><a href=\"https:\/\/www.fronius.com\/de-de\/germany\" target=\"_blank\" rel=\"noopener noreferrer\"><strong>FRONIUS International GmbH<\/strong><\/a><\/li>\n<li><a href=\"https:\/\/kaco-newenergy.com\/de\/home\/\" target=\"_blank\" rel=\"noopener noreferrer\"><strong>KACO new energy GMBH<\/strong><\/a><\/li>\n<\/ul>\n<p><strong>\u00a0<\/strong><\/p>\n<p><span style=\"text-decoration: underline;\">Die weiteren Komponenten wie <strong>Unterkonstruktion<\/strong>, <strong>Kabel<\/strong> und <strong>Stecker<\/strong> finden Sie ebenfalls direkt bei den Herstellern:<\/span><\/p>\n<ul>\n<li><strong><a href=\"https:\/\/schletter-group.com\/\" target=\"_blank\" rel=\"noopener noreferrer\">Stabile Befestigungen speziell f\u00fcr Solaranlagen: die Firma Schletter aus Bayern<\/a><\/strong><\/li>\n<li><strong><a href=\"http:\/\/www.lappkabel.de\/\" target=\"_blank\" rel=\"noopener noreferrer\">Kabel die Wind und Wetter widerstehen: die Firma Lapp aus Baden-W\u00fcrttemberg<\/a><\/strong><\/li>\n<li><strong><a href=\"http:\/\/www.multi-contact.de\/\" target=\"_blank\" rel=\"noopener noreferrer\">Steckverbindungen f\u00fcr die optimale Verbindung: die Firma Multi-Contact aus Baden-W\u00fcrttemberg<\/a><\/strong><\/li>\n<\/ul>\n","protected":false},"excerpt":{"rendered":"<p>Wissenswertes rund um&#8217;s Thema Solarstrom Wir \u00fcberlassen die Komponenten nicht dem Zufall: Hier die Fakten zu den Qualit\u00e4ts-Produkten. Gerne k\u00f6nnen Sie uns zum Thema solare Stromerzeugung auf Herz und Nieren pr\u00fcfen. Hier geht&#8217;s direkt zu uns. Sie finden hier die Datenbl\u00e4tter und Brosch\u00fcren der Hersteller sowie detaillierte Informationen bez\u00fcglich der gesetzlichen, finanziellen und rechtlichen Hintergr\u00fcnde [&hellip;]<\/p>\n","protected":false},"author":1,"featured_media":0,"parent":0,"menu_order":5,"comment_status":"open","ping_status":"open","template":"","meta":{"footnotes":""},"class_list":["post-68","page","type-page","status-publish","hentry"],"_links":{"self":[{"href":"https:\/\/www.sonnenwatt.de\/index.php\/wp-json\/wp\/v2\/pages\/68","targetHints":{"allow":["GET"]}}],"collection":[{"href":"https:\/\/www.sonnenwatt.de\/index.php\/wp-json\/wp\/v2\/pages"}],"about":[{"href":"https:\/\/www.sonnenwatt.de\/index.php\/wp-json\/wp\/v2\/types\/page"}],"author":[{"embeddable":true,"href":"https:\/\/www.sonnenwatt.de\/index.php\/wp-json\/wp\/v2\/users\/1"}],"replies":[{"embeddable":true,"href":"https:\/\/www.sonnenwatt.de\/index.php\/wp-json\/wp\/v2\/comments?post=68"}],"version-history":[{"count":52,"href":"https:\/\/www.sonnenwatt.de\/index.php\/wp-json\/wp\/v2\/pages\/68\/revisions"}],"predecessor-version":[{"id":1123,"href":"https:\/\/www.sonnenwatt.de\/index.php\/wp-json\/wp\/v2\/pages\/68\/revisions\/1123"}],"wp:attachment":[{"href":"https:\/\/www.sonnenwatt.de\/index.php\/wp-json\/wp\/v2\/media?parent=68"}],"curies":[{"name":"wp","href":"https:\/\/api.w.org\/{rel}","templated":true}]}}