{"id":7,"date":"2007-12-30T17:59:05","date_gmt":"2007-12-30T16:59:05","guid":{"rendered":"http:\/\/www.sonnenwatt.de\/?page_id=7"},"modified":"2014-05-09T13:35:37","modified_gmt":"2014-05-09T12:35:37","slug":"wie-wird-photovoltaik-unterstutzt","status":"publish","type":"page","link":"https:\/\/www.sonnenwatt.de\/index.php\/solarstrom\/wie-wird-photovoltaik-unterstutzt\/","title":{"rendered":"&#8211; Wie wird Photovoltaik unterst\u00fctzt?"},"content":{"rendered":"<h1><strong><span class=\"Stil2\">Profitieren  auch Sie vom staatlich geregelten Weg  zur Energiewende<\/span><\/strong><\/h1>\n<p><!--  function BeispChange() { parent.mainFrame.location.href=\"Beisp.htm\"; parent.leftFrame.location.href=\"Menueleiste.htm\"; } \/\/ --><\/p>\n<p>Die Bundesregierung hat im Jahre 2000 das EEG (Erneuerbare-Energien-Gesetz) ins Leben gerufen, um nachwachsende Rohstoffe und deren technische Umsetzbarkeit zu f\u00f6rdern. Energie aus Wind, Wasser und Sonne ist in nahezu unbegrenzter Form vorhanden. Und diese gilt es zu nutzen.<\/p>\n<p>Sehr weit verbreitet ist mittlerweile der Anschluss per ,,Eigenverbrauchsregelung&#8220;, da durch die j\u00fcngsten Preissteigerungen f\u00fcr 2013 die Ersparnis der eigenen Strombezugskosten h\u00f6her ist als die reine Einspeiseverg\u00fctung. Man ist also bestrebt den h\u00f6chstm\u00f6glichen &#8211; da wirtschaftlicheren &#8211; Anteil erstmal selbst zu verbrauchen und der sog. ,,\u00dcberschuss&#8220; wird dann nach unten stehenden Verg\u00fctungss\u00e4tzen f\u00fcr 20 Jahre \u00fcber den Netzbetreiber ausbezahlt.<\/p>\n<p>Einzig formelle H\u00fcrde per Gesetz bei dieser Variante ist, dass Produktion und Verbrauch zeitgleich stattfinden m\u00fcssen. Besonders f\u00fcr gewerbliche Einrichtungen mit einem hohen Stromverbrauch tags\u00fcber wird dieser Eigenverbrauch immer interessanter und bietet enormes Sparpotential bei den Energiekosten. Da die Eigenverbrauchsthematik etwas komplexer ist, stellen wir Ihnen diese M\u00f6glichkeit auch gerne pers\u00f6nlich dar.<\/p>\n<p>&nbsp;<\/p>\n<p>Hier finden Sie eine \u00dcbersicht mit den f\u00fcr 2014 geltenden Verg\u00fctungen pro eingespeister kWh (Kilowattstunde):<\/p>\n<p><a href=\"https:\/\/www.sonnenwatt.de\/wp-content\/uploads\/2007\/12\/eeg_verg_uebers5.pdf\" target=\"_blank\">Aktuelle Einspeiseverg\u00fctungen f\u00fcr 2014<\/a><\/p>\n<p>&nbsp;<\/p>\n<p><strong><a href=\"https:\/\/www.sonnenwatt.de\/wp-content\/uploads\/2007\/12\/eeg_verg_uebers.pdf\" target=\"_blank\"> <\/a><\/strong><\/p>\n<p><strong><a href=\"https:\/\/www.sonnenwatt.de\/wp-content\/uploads\/2007\/12\/eeg_verg_uebers.pdf\" target=\"_blank\"><\/a><\/strong><\/p>\n<p><strong><a href=\"https:\/\/www.sonnenwatt.de\/wp-content\/uploads\/2007\/12\/eeg_verg_uebers.pdf\" target=\"_blank\"> <\/a><\/strong><\/p>\n<p><strong><a href=\"https:\/\/www.sonnenwatt.de\/wp-content\/uploads\/2007\/12\/eeg_verg_uebers.pdf\" target=\"_blank\"><\/a><\/strong><\/p>\n<p><strong><a href=\"https:\/\/www.sonnenwatt.de\/wp-content\/uploads\/2007\/12\/eeg_verg_uebers.pdf\" target=\"_blank\"> <\/a><\/strong><\/p>\n<p><strong><a href=\"https:\/\/www.sonnenwatt.de\/wp-content\/uploads\/2007\/12\/eeg_verg_uebers.pdf\" target=\"_blank\"><\/a><\/strong><\/p>\n<p><strong><a href=\"https:\/\/www.sonnenwatt.de\/wp-content\/uploads\/2007\/12\/eeg_verg_uebers.pdf\" target=\"_blank\"> <\/a><\/strong><\/p>\n<p><strong><a href=\"https:\/\/www.sonnenwatt.de\/wp-content\/uploads\/2007\/12\/eeg_verg_uebers.pdf\" target=\"_blank\"><\/a><\/strong><\/p>\n<p><strong><a href=\"https:\/\/www.sonnenwatt.de\/wp-content\/uploads\/2007\/12\/eeg_verg_uebers.pdf\" target=\"_blank\"> <\/a><\/strong><\/p>\n<p><strong><a href=\"https:\/\/www.sonnenwatt.de\/wp-content\/uploads\/2007\/12\/eeg_verg_uebers.pdf\" target=\"_blank\"><\/a><\/strong><\/p>\n<p><a href=\"https:\/\/www.sonnenwatt.de\/index.php\/Solarstrom\/Technik-und-Komponenten\/\">F\u00fcr die Techniker: Hier geht&#8217;s weiter mit dem Thema <strong>Technik und Komponenten<\/strong><\/a><\/p>\n<p><a href=\"https:\/\/www.sonnenwatt.de\/index.php\/Kunden\/Beispielrechnung\/\">F\u00fcr die Kaufleute: Hier geht&#8217;s zu unserer <strong>Beispielrechnung<\/strong><\/a><\/p>\n","protected":false},"excerpt":{"rendered":"<p>Profitieren auch Sie vom staatlich geregelten Weg zur Energiewende Die Bundesregierung hat im Jahre 2000 das EEG (Erneuerbare-Energien-Gesetz) ins Leben gerufen, um nachwachsende Rohstoffe und deren technische Umsetzbarkeit zu f\u00f6rdern. Energie aus Wind, Wasser und Sonne ist in nahezu unbegrenzter Form vorhanden. Und diese gilt es zu nutzen. Sehr weit verbreitet ist mittlerweile der Anschluss [&hellip;]<\/p>\n","protected":false},"author":1,"featured_media":0,"parent":3,"menu_order":4,"comment_status":"open","ping_status":"closed","template":"","meta":{"footnotes":""},"class_list":["post-7","page","type-page","status-publish","hentry"],"_links":{"self":[{"href":"https:\/\/www.sonnenwatt.de\/index.php\/wp-json\/wp\/v2\/pages\/7","targetHints":{"allow":["GET"]}}],"collection":[{"href":"https:\/\/www.sonnenwatt.de\/index.php\/wp-json\/wp\/v2\/pages"}],"about":[{"href":"https:\/\/www.sonnenwatt.de\/index.php\/wp-json\/wp\/v2\/types\/page"}],"author":[{"embeddable":true,"href":"https:\/\/www.sonnenwatt.de\/index.php\/wp-json\/wp\/v2\/users\/1"}],"replies":[{"embeddable":true,"href":"https:\/\/www.sonnenwatt.de\/index.php\/wp-json\/wp\/v2\/comments?post=7"}],"version-history":[{"count":34,"href":"https:\/\/www.sonnenwatt.de\/index.php\/wp-json\/wp\/v2\/pages\/7\/revisions"}],"predecessor-version":[{"id":275,"href":"https:\/\/www.sonnenwatt.de\/index.php\/wp-json\/wp\/v2\/pages\/7\/revisions\/275"}],"up":[{"embeddable":true,"href":"https:\/\/www.sonnenwatt.de\/index.php\/wp-json\/wp\/v2\/pages\/3"}],"wp:attachment":[{"href":"https:\/\/www.sonnenwatt.de\/index.php\/wp-json\/wp\/v2\/media?parent=7"}],"curies":[{"name":"wp","href":"https:\/\/api.w.org\/{rel}","templated":true}]}}