{"id":8,"date":"2007-12-30T17:59:52","date_gmt":"2007-12-30T16:59:52","guid":{"rendered":"http:\/\/www.sonnenwatt.de\/?page_id=8"},"modified":"2014-05-17T15:19:23","modified_gmt":"2014-05-17T14:19:23","slug":"technik-und-komponenten","status":"publish","type":"page","link":"https:\/\/www.sonnenwatt.de\/index.php\/solarstrom\/technik-und-komponenten\/","title":{"rendered":"&#8211; Technik und Komponenten"},"content":{"rendered":"<h1><strong>Ma\u00dfgeschneiderte Qualit\u00e4tsprodukte<\/strong><\/h1>\n<p>Eine Solarstrom-Anlage besteht prinzipiell aus drei Komponenten. Den Modulen, den Wechselrichtern und den Installationsmaterialien wie Unterkonstruktion, Kabel und Stecker.<\/p>\n<p>&nbsp;<\/p>\n<h1><strong>Module<\/strong><\/h1>\n<p>Die Module sind der Motor der Anlage und es gibt sie derzeit in den verschiedensten Auspr\u00e4gungen, Leistungsklassen und Gr\u00f6\u00dfen. Grundlegend ist erstmal der Typ der verbauten Zellen. Die bekanntesten sind derzeit monokristallin, polykristallin, D\u00fcnnschicht und amorph. Welcher Typ im Einzelfall der Ideale ist, l\u00e4sst sich am besten in einem unverbindlichen Vor-Ort-Termin feststellen. Die Leistung der Module wird in Watt peak (Wp) gemessen. Dies ist eine rechnerische Gr\u00f6\u00dfe die unter so genannten Standardbedingungen nach der Herstellung im Werk ermittelt wird und als Grundlage f\u00fcr den zu erwartenden Stromertrag dient. Wir arbeiten nur mit zuverl\u00e4ssigen und erprobten Modul-Herstellern mit h\u00f6chsten Qualit\u00e4ts- und Garantieanspr\u00fcchen, da die Module den gr\u00f6\u00dften Anteil zum erfolgreichen Betrieb der Photovoltaik-Anlage darstellen.<\/p>\n<p>&nbsp;<\/p>\n<p>&nbsp;<\/p>\n<p class=\"Stil2\">&nbsp;<\/p>\n<table width=\"99%\">\n<tbody>\n<tr>\n<td width=\"30%\" align=\"left\">\n<p style=\"text-align: center;\"><img loading=\"lazy\" decoding=\"async\" class=\"aligncenter size-full wp-image-497\" title=\"s_19\" src=\"https:\/\/www.sonnenwatt.de\/wp-content\/uploads\/2007\/12\/s_19.png\" alt=\"\" width=\"149\" height=\"300\" \/><\/p>\n<\/td>\n<td width=\"30%\" align=\"center\"><img loading=\"lazy\" decoding=\"async\" class=\"aligncenter size-full wp-image-495\" title=\"s_24\" src=\"https:\/\/www.sonnenwatt.de\/wp-content\/uploads\/2007\/12\/s_24.png\" alt=\"\" width=\"196\" height=\"300\" \/><\/td>\n<td width=\"30%\" align=\"right\">\n<p style=\"text-align: center;\"><img loading=\"lazy\" decoding=\"async\" class=\"aligncenter size-full wp-image-499\" title=\"s_79\" src=\"https:\/\/www.sonnenwatt.de\/wp-content\/uploads\/2007\/12\/s_79.png\" alt=\"\" width=\"141\" height=\"300\" \/><\/p>\n<\/td>\n<\/tr>\n<\/tbody>\n<\/table>\n<table width=\"99%\">\n<tbody>\n<tr>\n<td width=\"30%\" align=\"center\">Monokristallines Modul<\/td>\n<td width=\"30%\" align=\"center\">Polykristallines Modul<\/td>\n<td width=\"30%\" align=\"center\">Monokristallines Modul &#8211; schwarz<\/td>\n<\/tr>\n<\/tbody>\n<\/table>\n<p>&nbsp;<\/p>\n<p>&nbsp;<\/p>\n<p class=\"Stil2\">&nbsp;<\/p>\n<h1><strong>Wechselrichter<\/strong><\/h1>\n<p>Die Wechselrichter sind das Gehirn der Anlage. Deren Aufgabe ist es nun den Gleichstrom der Module in Wechselstrom umzuwandeln und ins \u00f6ffentliche Stromnetz einzuspeisen. Sie leisten einen ebenso wertvollen Beitrag zur Gesamt-Anlage, da nur mit perfekt aufeinander abgestimmten Komponenten ein Maximum an Sonnenstrahlen eingefangen und umgesetzt werden kann. Hier legen wir Wert auf die innovativen Bauteile und den Entwicklungsvorsprung des Markt- und Technologief\u00fchrers SMA.<\/p>\n<table width=\"99%\">\n<tbody>\n<tr>\n<td width=\"48%\" align=\"center\"><img loading=\"lazy\" decoding=\"async\" class=\"aligncenter size-full wp-image-476\" title=\"Sunny Tripower 10000TL - 12000TL - 15000 - 170000\" src=\"https:\/\/www.sonnenwatt.de\/wp-content\/uploads\/2007\/12\/Sunny-Tripower-10000TL-12000TL-15000-170000.png\" alt=\"\" width=\"225\" height=\"202\" \/><\/td>\n<td width=\"48%\" align=\"center\"><img loading=\"lazy\" decoding=\"async\" class=\"aligncenter size-full wp-image-479\" title=\"Powador 30.0 TL3\" src=\"https:\/\/www.sonnenwatt.de\/wp-content\/uploads\/2007\/12\/Powador-30.0-TL3.jpg\" alt=\"\" width=\"200\" height=\"289\" \/>&nbsp;<\/p>\n<p>&nbsp;<\/td>\n<\/tr>\n<\/tbody>\n<\/table>\n<table style=\"width: 741px; height: 76px;\" width=\"741\">\n<tbody>\n<tr>\n<td width=\"48%\" align=\"center\"><strong>Sunny Tripower-Serie von 5 kW bis 20 kW<br \/>\n<\/strong><\/td>\n<td width=\"48%\" align=\"center\"><strong>Powador TL3-Serie von 30 bis 60 kW<br \/>\n<\/strong><\/td>\n<\/tr>\n<tr>\n<td style=\"text-align: center;\" colspan=\"2\" align=\"center\">Quelle: SMA Technologie AG\u00a0\u00a0\u00a0\u00a0\u00a0\u00a0\u00a0\u00a0\u00a0\u00a0\u00a0\u00a0\u00a0\u00a0\u00a0\u00a0\u00a0\u00a0\u00a0\u00a0\u00a0\u00a0\u00a0\u00a0\u00a0\u00a0\u00a0\u00a0\u00a0\u00a0\u00a0\u00a0\u00a0\u00a0\u00a0\u00a0\u00a0\u00a0\u00a0\u00a0\u00a0\u00a0\u00a0\u00a0\u00a0Quelle: KACO new energy GmbH<\/td>\n<\/tr>\n<\/tbody>\n<\/table>\n<p>&nbsp;<\/p>\n<p class=\"Stil2\">&nbsp;<\/p>\n<h1><strong>Unterkonstruktion<\/strong><\/h1>\n<p>Die Gestelltechnik schafft die stabile Verbindung zwischen den Modulen und der Tragkonstruktion des Geb\u00e4udes. Diese besteht ausschlie\u00dflich aus korrosionsbest\u00e4ndigen und statisch gepr\u00fcften Materialien wie Aluminium und Edelstahl. Eine einfache, sichere und schnelle Montage des Gestells ist hier von Bedeutung. Das Gestell kompensiert alle auftretenden Lasten wie Wind und Schnee und sorgt f\u00fcr optimalen Halt der Module. Auch hier bieten wir Ihnen ma\u00dfgeschneiderte L\u00f6sungen namhafter Qualit\u00e4ts-Hersteller.<\/p>\n<p style=\"text-align: center;\"><img decoding=\"async\" src=\"https:\/\/www.sonnenwatt.de\/wp-content\/uploads\/2008\/01\/montagesystem.jpg\" alt=\"Montagesystem\" \/><\/p>\n<p>&nbsp;<\/p>\n<p class=\"Stil2\">&nbsp;<\/p>\n<h1><strong>Verkabelung<\/strong><\/h1>\n<p>Die Kabel verbinden letztendlich die Module mit den Wechselrichtern. Die passende Dimensionierung und der richtige witterungsbest\u00e4ndige Materialeinsatz sorgen f\u00fcr eine zuverl\u00e4ssige, lange Lebensdauer sowie h\u00f6chste Ertr\u00e4ge.<\/p>\n<p><img decoding=\"async\" src=\"https:\/\/www.sonnenwatt.de\/wp-content\/uploads\/2007\/12\/mc-stecker.jpg\" alt=\"MC-Stecker\" \/><\/p>\n<p>Multi-Contact Stecker\u00a0\u00a0\u00a0\u00a0\u00a0\u00a0\u00a0\u00a0\u00a0\u00a0<img loading=\"lazy\" decoding=\"async\" class=\"aligncenter size-full wp-image-183\" title=\"Multi Contact Steckverbinder f\u00fcr Photovoltaik\" src=\"https:\/\/www.sonnenwatt.de\/wp-content\/uploads\/2010\/02\/multi-contact-logo-e1359454194285.png\" alt=\"\" width=\"151\" height=\"43\" \/><\/p>\n<p>&nbsp;<\/p>\n<table cellpadding=\"10\" width=\"100%\">\n<tbody>\n<tr>\n<td width=\"20%\" align=\"center\"><\/td>\n<td width=\"20%\" align=\"center\"><a href=\"http:\/\/www.sma.de\/\" target=\"_blank\"><img loading=\"lazy\" decoding=\"async\" src=\"https:\/\/www.sonnenwatt.de\/wp-content\/uploads\/2010\/02\/sma-logo.jpg\" alt=\"SMA bei Sonnenwatt Solar GmbH\" width=\"90\" height=\"60\" \/><\/a><\/td>\n<td width=\"20%\" align=\"center\"><a href=\"http:\/\/www.schletter.de\/DE\/solar-montagesysteme.html\" target=\"_blank\"><img decoding=\"async\" src=\"https:\/\/www.sonnenwatt.de\/wp-content\/uploads\/2010\/02\/schletter-logo.jpg\" alt=\"Schletter Solar Montagesysteme\" \/><\/a><\/td>\n<td width=\"20%\" align=\"center\"><a href=\"http:\/\/www.lappkabel.de\/\" target=\"_blank\"><img decoding=\"async\" src=\"https:\/\/www.sonnenwatt.de\/wp-content\/uploads\/2007\/12\/lapp.jpg\" alt=\"Lapp\" \/><\/a><\/td>\n<td width=\"20%\" align=\"center\"><a href=\"http:\/\/www.kaconewenergy.de\" target=\"_blank\"><img loading=\"lazy\" decoding=\"async\" class=\"aligncenter size-full wp-image-506\" title=\"kaco_logo\" src=\"https:\/\/www.sonnenwatt.de\/wp-content\/uploads\/2007\/12\/kaco_logo.gif\" alt=\"\" width=\"173\" height=\"48\" \/><\/a><\/td>\n<\/tr>\n<\/tbody>\n<\/table>\n<p><a href=\"https:\/\/www.sonnenwatt.de\/index.php\/Solarstrom\/Voraussetzungen\/\">Hier geht&#8217;s weiter zu den <strong>Voraussetzungen<\/strong> <strong>f\u00fcr eigenen Solarstrom<\/strong><\/a><\/p>\n","protected":false},"excerpt":{"rendered":"<p>Ma\u00dfgeschneiderte Qualit\u00e4tsprodukte Eine Solarstrom-Anlage besteht prinzipiell aus drei Komponenten. Den Modulen, den Wechselrichtern und den Installationsmaterialien wie Unterkonstruktion, Kabel und Stecker. &nbsp; Module Die Module sind der Motor der Anlage und es gibt sie derzeit in den verschiedensten Auspr\u00e4gungen, Leistungsklassen und Gr\u00f6\u00dfen. Grundlegend ist erstmal der Typ der verbauten Zellen. Die bekanntesten sind derzeit monokristallin, [&hellip;]<\/p>\n","protected":false},"author":2,"featured_media":0,"parent":3,"menu_order":5,"comment_status":"open","ping_status":"open","template":"","meta":{"footnotes":""},"class_list":["post-8","page","type-page","status-publish","hentry"],"_links":{"self":[{"href":"https:\/\/www.sonnenwatt.de\/index.php\/wp-json\/wp\/v2\/pages\/8","targetHints":{"allow":["GET"]}}],"collection":[{"href":"https:\/\/www.sonnenwatt.de\/index.php\/wp-json\/wp\/v2\/pages"}],"about":[{"href":"https:\/\/www.sonnenwatt.de\/index.php\/wp-json\/wp\/v2\/types\/page"}],"author":[{"embeddable":true,"href":"https:\/\/www.sonnenwatt.de\/index.php\/wp-json\/wp\/v2\/users\/2"}],"replies":[{"embeddable":true,"href":"https:\/\/www.sonnenwatt.de\/index.php\/wp-json\/wp\/v2\/comments?post=8"}],"version-history":[{"count":45,"href":"https:\/\/www.sonnenwatt.de\/index.php\/wp-json\/wp\/v2\/pages\/8\/revisions"}],"predecessor-version":[{"id":674,"href":"https:\/\/www.sonnenwatt.de\/index.php\/wp-json\/wp\/v2\/pages\/8\/revisions\/674"}],"up":[{"embeddable":true,"href":"https:\/\/www.sonnenwatt.de\/index.php\/wp-json\/wp\/v2\/pages\/3"}],"wp:attachment":[{"href":"https:\/\/www.sonnenwatt.de\/index.php\/wp-json\/wp\/v2\/media?parent=8"}],"curies":[{"name":"wp","href":"https:\/\/api.w.org\/{rel}","templated":true}]}}