{"id":9,"date":"2007-12-30T18:01:03","date_gmt":"2007-12-30T17:01:03","guid":{"rendered":"http:\/\/www.sonnenwatt.de\/?page_id=9"},"modified":"2014-05-02T11:10:27","modified_gmt":"2014-05-02T10:10:27","slug":"voraussetzungen","status":"publish","type":"page","link":"https:\/\/www.sonnenwatt.de\/index.php\/solarstrom\/voraussetzungen\/","title":{"rendered":"&#8211; Voraussetzungen"},"content":{"rendered":"<h1><strong>Ihr eigenes Kraftwerk<\/strong><\/h1>\n<p>Um in erster Instanz pr\u00fcfen zu k\u00f6nnen, ob und welche Solarstrom-Anlage f\u00fcr Sie in Frage kommt, sollten Sie uns folgende Angaben machen:<\/p>\n<ul>\n<li> Dachneigung in Grad<\/li>\n<\/ul>\n<ul>\n<li>Dachausrichtung (S\u00fcden, S\u00fcdosten, S\u00fcdwesten, Osten oder Westen)<\/li>\n<\/ul>\n<p class=\"Stil2\">Es ist nicht zwingend erforderlich, dass Ihr Geb\u00e4ude absolut nach S\u00fcden ausgerichtet ist. Mittlerweile gibt es auch L\u00f6sungen f\u00fcr flache D\u00e4cher (kleiner 20\u00b0), die z.B. direkt nach Osten oder Westen zeigen. Auch f\u00fcr flache Nordd\u00e4cher ist eine Photovoltaik-Anlage nicht undenkbar.<\/p>\n<ul>\n<li>Bitte geben Sie uns noch die ungef\u00e4hre Gr\u00f6\u00dfe Ihres Daches an (L\u00e4nge mal Breite)<\/li>\n<\/ul>\n<p>Falls Sie au\u00dferdem \u00fcber ein Bild Ihres Geb\u00e4udes verf\u00fcgen k\u00f6nnen Sie uns dieses auch per e-Mail an<strong> info(at)sonnenwatt.de<a href=\"mailto:info@sonnenwatt.de\"><\/a><\/strong> bzw. auf dem Postweg \u00fcbermitteln.<\/p>\n<p>Gerne sehen wir uns Ihr Objekt pers\u00f6nlich an und geben Ihnen eine Entscheidungshilfe, ob Ihr Dach geeignet ist und welche L\u00f6sung technisch und wirtschaftlich am besten zu Ihren Voraussetzungen passt.<\/p>\n<p><a href=\"https:\/\/www.sonnenwatt.de\/index.php\/Kunden\/Beispielrechnung\/\">Hier geht&#8217;s weiter zur <strong>Beispielrechnung<\/strong><\/a><\/p>\n","protected":false},"excerpt":{"rendered":"<p>Ihr eigenes Kraftwerk Um in erster Instanz pr\u00fcfen zu k\u00f6nnen, ob und welche Solarstrom-Anlage f\u00fcr Sie in Frage kommt, sollten Sie uns folgende Angaben machen: Dachneigung in Grad Dachausrichtung (S\u00fcden, S\u00fcdosten, S\u00fcdwesten, Osten oder Westen) Es ist nicht zwingend erforderlich, dass Ihr Geb\u00e4ude absolut nach S\u00fcden ausgerichtet ist. Mittlerweile gibt es auch L\u00f6sungen f\u00fcr flache [&hellip;]<\/p>\n","protected":false},"author":2,"featured_media":0,"parent":3,"menu_order":6,"comment_status":"open","ping_status":"open","template":"","meta":{"footnotes":""},"class_list":["post-9","page","type-page","status-publish","hentry"],"_links":{"self":[{"href":"https:\/\/www.sonnenwatt.de\/index.php\/wp-json\/wp\/v2\/pages\/9","targetHints":{"allow":["GET"]}}],"collection":[{"href":"https:\/\/www.sonnenwatt.de\/index.php\/wp-json\/wp\/v2\/pages"}],"about":[{"href":"https:\/\/www.sonnenwatt.de\/index.php\/wp-json\/wp\/v2\/types\/page"}],"author":[{"embeddable":true,"href":"https:\/\/www.sonnenwatt.de\/index.php\/wp-json\/wp\/v2\/users\/2"}],"replies":[{"embeddable":true,"href":"https:\/\/www.sonnenwatt.de\/index.php\/wp-json\/wp\/v2\/comments?post=9"}],"version-history":[{"count":1,"href":"https:\/\/www.sonnenwatt.de\/index.php\/wp-json\/wp\/v2\/pages\/9\/revisions"}],"predecessor-version":[{"id":556,"href":"https:\/\/www.sonnenwatt.de\/index.php\/wp-json\/wp\/v2\/pages\/9\/revisions\/556"}],"up":[{"embeddable":true,"href":"https:\/\/www.sonnenwatt.de\/index.php\/wp-json\/wp\/v2\/pages\/3"}],"wp:attachment":[{"href":"https:\/\/www.sonnenwatt.de\/index.php\/wp-json\/wp\/v2\/media?parent=9"}],"curies":[{"name":"wp","href":"https:\/\/api.w.org\/{rel}","templated":true}]}}